{"id":30583,"date":"2015-10-02T21:53:04","date_gmt":"2015-10-02T21:53:04","guid":{"rendered":"http:\/\/divisibles.com\/?page_id=30583"},"modified":"2020-11-04T18:58:47","modified_gmt":"2020-11-04T18:58:47","slug":"projectes","status":"publish","type":"page","link":"https:\/\/divisibles.com\/ca\/projectes\/","title":{"rendered":"Projectes"},"content":{"rendered":"<div id=\"pl-30583\"  class=\"panel-layout\" ><div id=\"pg-30583-0\"  class=\"panel-grid panel-no-style\" ><div id=\"pgc-30583-0-0\"  class=\"panel-grid-cell\" ><div id=\"panel-30583-0-0-0\" class=\"so-panel widget widget_themegrill_flash_portfolio tg-section feature-product-section panel-first-child panel-last-child\" data-index=\"0\" ><div class=\"tg-feature-product-layout-1 tg-feature-product-filter-layout\"><div class=\"tg-container\"><div class=\"grid\"><div class=\"tg-column-wrapper\"><div class=\"tg-feature-product-widget element-item uxdesign tg-column-4 featured portfolio \" data-category=\"featured portfolio \"><figure><img loading=\"lazy\" decoding=\"async\" width=\"417\" height=\"416\" src=\"https:\/\/divisibles.com\/ca\/wp-content\/uploads\/sites\/2\/2018\/10\/vivendasaludable.jpg\" class=\"attachment-full size-full wp-post-image\" alt=\"\" srcset=\"https:\/\/divisibles.com\/ca\/wp-content\/uploads\/sites\/2\/2018\/10\/vivendasaludable.jpg 417w, https:\/\/divisibles.com\/ca\/wp-content\/uploads\/sites\/2\/2018\/10\/vivendasaludable-300x300.jpg 300w, https:\/\/divisibles.com\/ca\/wp-content\/uploads\/sites\/2\/2018\/10\/vivendasaludable-150x150.jpg 150w, https:\/\/divisibles.com\/ca\/wp-content\/uploads\/sites\/2\/2018\/10\/vivendasaludable-100x100.jpg 100w\" sizes=\"auto, (max-width: 417px) 100vw, 417px\" \/><\/figure><div class=\"featured-image-desc\"><span><a href=\"https:\/\/divisibles.com\/ca\/portfolio\/vivienda-saludable\/\"><i class=\"fa fa-plus\"><\/i><\/a><\/span><div class=\"feature-inner-block\"><h3 class=\"feature-title-wrap\"><a href=\"https:\/\/divisibles.com\/ca\/portfolio\/vivienda-saludable\/\">Vivienda Saludable<\/a><\/h3><h4 class=\"feature-desc-wrap\">SEO Content Web<\/h4><\/div><\/div><\/div><div class=\"tg-feature-product-widget element-item uxdesign tg-column-4 featured portfolio \" data-category=\"featured portfolio \"><figure><img loading=\"lazy\" decoding=\"async\" width=\"452\" height=\"452\" src=\"https:\/\/divisibles.com\/ca\/wp-content\/uploads\/sites\/2\/2018\/09\/salon-look-3-e1539950630220.jpg\" class=\"attachment-full size-full wp-post-image\" alt=\"\" srcset=\"https:\/\/divisibles.com\/ca\/wp-content\/uploads\/sites\/2\/2018\/09\/salon-look-3-e1539950630220.jpg 452w, https:\/\/divisibles.com\/ca\/wp-content\/uploads\/sites\/2\/2018\/09\/salon-look-3-e1539950630220-300x300.jpg 300w, https:\/\/divisibles.com\/ca\/wp-content\/uploads\/sites\/2\/2018\/09\/salon-look-3-e1539950630220-150x150.jpg 150w, https:\/\/divisibles.com\/ca\/wp-content\/uploads\/sites\/2\/2018\/09\/salon-look-3-e1539950630220-100x100.jpg 100w\" sizes=\"auto, (max-width: 452px) 100vw, 452px\" \/><\/figure><div class=\"featured-image-desc\"><span><a href=\"https:\/\/divisibles.com\/ca\/portfolio\/beautymarket-salon-look-madrid\/\"><i class=\"fa fa-plus\"><\/i><\/a><\/span><div class=\"feature-inner-block\"><h3 class=\"feature-title-wrap\"><a href=\"https:\/\/divisibles.com\/ca\/portfolio\/beautymarket-salon-look-madrid\/\">Beautymarket -Sal\u00f3n Look Madrid<\/a><\/h3><h4 class=\"feature-desc-wrap\">Cobertura period\u00edstica evento: Noticias y fotos.<\/h4><\/div><\/div><\/div><div class=\"tg-feature-product-widget element-item uxdesign tg-column-4 featured portfolio \" data-category=\"featured portfolio \"><figure><img loading=\"lazy\" decoding=\"async\" width=\"600\" height=\"600\" src=\"https:\/\/divisibles.com\/ca\/wp-content\/uploads\/sites\/2\/2018\/02\/digebis_destacada.jpg\" class=\"attachment-full size-full wp-post-image\" alt=\"Digebis\" srcset=\"https:\/\/divisibles.com\/ca\/wp-content\/uploads\/sites\/2\/2018\/02\/digebis_destacada.jpg 600w, https:\/\/divisibles.com\/ca\/wp-content\/uploads\/sites\/2\/2018\/02\/digebis_destacada-300x300.jpg 300w, https:\/\/divisibles.com\/ca\/wp-content\/uploads\/sites\/2\/2018\/02\/digebis_destacada-150x150.jpg 150w, https:\/\/divisibles.com\/ca\/wp-content\/uploads\/sites\/2\/2018\/02\/digebis_destacada-100x100.jpg 100w\" sizes=\"auto, (max-width: 600px) 100vw, 600px\" \/><\/figure><div class=\"featured-image-desc\"><span><a href=\"https:\/\/divisibles.com\/ca\/portfolio\/digebis\/\"><i class=\"fa fa-plus\"><\/i><\/a><\/span><div class=\"feature-inner-block\"><h3 class=\"feature-title-wrap\"><a href=\"https:\/\/divisibles.com\/ca\/portfolio\/digebis\/\">Digebis<\/a><\/h3><h4 class=\"feature-desc-wrap\">Copywriting de newsletter<\/h4><\/div><\/div><\/div><div class=\"tg-feature-product-widget element-item uxdesign tg-column-4 featured portfolio \" data-category=\"featured portfolio \"><figure><img loading=\"lazy\" decoding=\"async\" width=\"374\" height=\"400\" src=\"https:\/\/divisibles.com\/ca\/wp-content\/uploads\/sites\/2\/2018\/03\/pu-ge-1.jpg\" class=\"attachment-full size-full wp-post-image\" alt=\"Gente en Barcelona\" srcset=\"https:\/\/divisibles.com\/ca\/wp-content\/uploads\/sites\/2\/2018\/03\/pu-ge-1.jpg 374w, https:\/\/divisibles.com\/ca\/wp-content\/uploads\/sites\/2\/2018\/03\/pu-ge-1-281x300.jpg 281w\" sizes=\"auto, (max-width: 374px) 100vw, 374px\" \/><\/figure><div class=\"featured-image-desc\"><span><a href=\"https:\/\/divisibles.com\/ca\/portfolio\/gente-en-barcelona\/\"><i class=\"fa fa-plus\"><\/i><\/a><\/span><div class=\"feature-inner-block\"><h3 class=\"feature-title-wrap\"><a href=\"https:\/\/divisibles.com\/ca\/portfolio\/gente-en-barcelona\/\">Gente en Barcelona<\/a><\/h3><h4 class=\"feature-desc-wrap\">Redacci\u00f3n y fotograf\u00eda<\/h4><\/div><\/div><\/div><div class=\"tg-feature-product-widget element-item uxdesign tg-column-4 featured portfolio \" data-category=\"featured portfolio \"><figure><img loading=\"lazy\" decoding=\"async\" width=\"477\" height=\"485\" src=\"https:\/\/divisibles.com\/ca\/wp-content\/uploads\/sites\/2\/2018\/04\/elperiodico.jpg\" class=\"attachment-full size-full wp-post-image\" alt=\"Monogr\u00e1ficos El Peri\u00f3dico\" srcset=\"https:\/\/divisibles.com\/ca\/wp-content\/uploads\/sites\/2\/2018\/04\/elperiodico.jpg 477w, https:\/\/divisibles.com\/ca\/wp-content\/uploads\/sites\/2\/2018\/04\/elperiodico-295x300.jpg 295w\" sizes=\"auto, (max-width: 477px) 100vw, 477px\" \/><\/figure><div class=\"featured-image-desc\"><span><a href=\"https:\/\/divisibles.com\/ca\/portfolio\/suplementos-el-periodico\/\"><i class=\"fa fa-plus\"><\/i><\/a><\/span><div class=\"feature-inner-block\"><h3 class=\"feature-title-wrap\"><a href=\"https:\/\/divisibles.com\/ca\/portfolio\/suplementos-el-periodico\/\">Suplementos El Peri\u00f3dico<\/a><\/h3><h4 class=\"feature-desc-wrap\">Redacci\u00f3n period\u00edstica<\/h4><\/div><\/div><\/div><div class=\"tg-feature-product-widget element-item uxdesign tg-column-4 featured portfolio \" data-category=\"featured portfolio \"><figure><img loading=\"lazy\" decoding=\"async\" width=\"720\" height=\"720\" src=\"https:\/\/divisibles.com\/ca\/wp-content\/uploads\/sites\/2\/2018\/04\/lavanguardia.jpg\" class=\"attachment-full size-full wp-post-image\" alt=\"Monogr\u00e1ficos La Vanguardia\" srcset=\"https:\/\/divisibles.com\/ca\/wp-content\/uploads\/sites\/2\/2018\/04\/lavanguardia.jpg 720w, https:\/\/divisibles.com\/ca\/wp-content\/uploads\/sites\/2\/2018\/04\/lavanguardia-300x300.jpg 300w, https:\/\/divisibles.com\/ca\/wp-content\/uploads\/sites\/2\/2018\/04\/lavanguardia-150x150.jpg 150w, https:\/\/divisibles.com\/ca\/wp-content\/uploads\/sites\/2\/2018\/04\/lavanguardia-600x600.jpg 600w, https:\/\/divisibles.com\/ca\/wp-content\/uploads\/sites\/2\/2018\/04\/lavanguardia-100x100.jpg 100w\" sizes=\"auto, (max-width: 720px) 100vw, 720px\" \/><\/figure><div class=\"featured-image-desc\"><span><a href=\"https:\/\/divisibles.com\/ca\/portfolio\/monograficos-la-vanguardia\/\"><i class=\"fa fa-plus\"><\/i><\/a><\/span><div class=\"feature-inner-block\"><h3 class=\"feature-title-wrap\"><a href=\"https:\/\/divisibles.com\/ca\/portfolio\/monograficos-la-vanguardia\/\">Monogr\u00e1ficos La Vanguardia<\/a><\/h3><h4 class=\"feature-desc-wrap\">Redacci\u00f3n period\u00edstica<\/h4><\/div><\/div><\/div><div class=\"tg-feature-product-widget element-item uxdesign tg-column-4 featured portfolio \" data-category=\"featured portfolio \"><figure><img loading=\"lazy\" decoding=\"async\" width=\"2544\" height=\"2560\" src=\"https:\/\/divisibles.com\/ca\/wp-content\/uploads\/sites\/2\/2018\/02\/audiotalaia_front-scaled.jpg\" class=\"attachment-full size-full wp-post-image\" alt=\"Audiotalaia\" srcset=\"https:\/\/divisibles.com\/ca\/wp-content\/uploads\/sites\/2\/2018\/02\/audiotalaia_front-scaled.jpg 2544w, https:\/\/divisibles.com\/ca\/wp-content\/uploads\/sites\/2\/2018\/02\/audiotalaia_front-298x300.jpg 298w, https:\/\/divisibles.com\/ca\/wp-content\/uploads\/sites\/2\/2018\/02\/audiotalaia_front-1018x1024.jpg 1018w, https:\/\/divisibles.com\/ca\/wp-content\/uploads\/sites\/2\/2018\/02\/audiotalaia_front-150x150.jpg 150w, https:\/\/divisibles.com\/ca\/wp-content\/uploads\/sites\/2\/2018\/02\/audiotalaia_front-768x773.jpg 768w, https:\/\/divisibles.com\/ca\/wp-content\/uploads\/sites\/2\/2018\/02\/audiotalaia_front-1526x1536.jpg 1526w, https:\/\/divisibles.com\/ca\/wp-content\/uploads\/sites\/2\/2018\/02\/audiotalaia_front-2035x2048.jpg 2035w, https:\/\/divisibles.com\/ca\/wp-content\/uploads\/sites\/2\/2018\/02\/audiotalaia_front-600x604.jpg 600w, https:\/\/divisibles.com\/ca\/wp-content\/uploads\/sites\/2\/2018\/02\/audiotalaia_front-100x100.jpg 100w\" sizes=\"auto, (max-width: 2544px) 100vw, 2544px\" \/><\/figure><div class=\"featured-image-desc\"><span><a href=\"https:\/\/divisibles.com\/ca\/portfolio\/audiotalaia\/\"><i class=\"fa fa-plus\"><\/i><\/a><\/span><div class=\"feature-inner-block\"><h3 class=\"feature-title-wrap\"><a href=\"https:\/\/divisibles.com\/ca\/portfolio\/audiotalaia\/\">Audiotalaia<\/a><\/h3><h4 class=\"feature-desc-wrap\">Fotograf\u00eda para disco<\/h4><\/div><\/div><\/div><div class=\"tg-feature-product-widget element-item uxdesign tg-column-4 portfolio \" data-category=\"portfolio \"><figure><img loading=\"lazy\" decoding=\"async\" width=\"600\" height=\"600\" src=\"https:\/\/divisibles.com\/ca\/wp-content\/uploads\/sites\/2\/2018\/02\/NotRandomArt_destacada.jpg\" class=\"attachment-full size-full wp-post-image\" alt=\"Not Random Art\" srcset=\"https:\/\/divisibles.com\/ca\/wp-content\/uploads\/sites\/2\/2018\/02\/NotRandomArt_destacada.jpg 600w, https:\/\/divisibles.com\/ca\/wp-content\/uploads\/sites\/2\/2018\/02\/NotRandomArt_destacada-300x300.jpg 300w, https:\/\/divisibles.com\/ca\/wp-content\/uploads\/sites\/2\/2018\/02\/NotRandomArt_destacada-150x150.jpg 150w, https:\/\/divisibles.com\/ca\/wp-content\/uploads\/sites\/2\/2018\/02\/NotRandomArt_destacada-100x100.jpg 100w\" sizes=\"auto, (max-width: 600px) 100vw, 600px\" \/><\/figure><div class=\"featured-image-desc\"><span><a href=\"https:\/\/divisibles.com\/ca\/portfolio\/not-random-art\/\"><i class=\"fa fa-plus\"><\/i><\/a><\/span><div class=\"feature-inner-block\"><h3 class=\"feature-title-wrap\"><a href=\"https:\/\/divisibles.com\/ca\/portfolio\/not-random-art\/\">Not Random Art<\/a><\/h3><h4 class=\"feature-desc-wrap\">Fotograf\u00eda para revista de arte<\/h4><\/div><\/div><\/div><div class=\"tg-feature-product-widget element-item uxdesign tg-column-4 portfolio \" data-category=\"portfolio \"><figure><img loading=\"lazy\" decoding=\"async\" width=\"600\" height=\"600\" src=\"https:\/\/divisibles.com\/ca\/wp-content\/uploads\/sites\/2\/2018\/02\/Articulaction_destacada.jpg\" class=\"attachment-full size-full wp-post-image\" alt=\"ARTiculAction Art Review\" srcset=\"https:\/\/divisibles.com\/ca\/wp-content\/uploads\/sites\/2\/2018\/02\/Articulaction_destacada.jpg 600w, https:\/\/divisibles.com\/ca\/wp-content\/uploads\/sites\/2\/2018\/02\/Articulaction_destacada-300x300.jpg 300w, https:\/\/divisibles.com\/ca\/wp-content\/uploads\/sites\/2\/2018\/02\/Articulaction_destacada-150x150.jpg 150w, https:\/\/divisibles.com\/ca\/wp-content\/uploads\/sites\/2\/2018\/02\/Articulaction_destacada-100x100.jpg 100w\" sizes=\"auto, (max-width: 600px) 100vw, 600px\" \/><\/figure><div class=\"featured-image-desc\"><span><a href=\"https:\/\/divisibles.com\/ca\/portfolio\/articulaction-art-review\/\"><i class=\"fa fa-plus\"><\/i><\/a><\/span><div class=\"feature-inner-block\"><h3 class=\"feature-title-wrap\"><a href=\"https:\/\/divisibles.com\/ca\/portfolio\/articulaction-art-review\/\">ARTiculAction Art Review<\/a><\/h3><h4 class=\"feature-desc-wrap\">Fotograf\u00eda para revista de arte<\/h4><\/div><\/div><\/div><div class=\"tg-feature-product-widget element-item uxdesign tg-column-4 featured portfolio \" data-category=\"featured portfolio \"><figure><img loading=\"lazy\" decoding=\"async\" width=\"600\" height=\"600\" src=\"https:\/\/divisibles.com\/ca\/wp-content\/uploads\/sites\/2\/2018\/02\/toprural_destacada.jpg\" class=\"attachment-full size-full wp-post-image\" alt=\"Toprural\" srcset=\"https:\/\/divisibles.com\/ca\/wp-content\/uploads\/sites\/2\/2018\/02\/toprural_destacada.jpg 600w, https:\/\/divisibles.com\/ca\/wp-content\/uploads\/sites\/2\/2018\/02\/toprural_destacada-300x300.jpg 300w, https:\/\/divisibles.com\/ca\/wp-content\/uploads\/sites\/2\/2018\/02\/toprural_destacada-150x150.jpg 150w, https:\/\/divisibles.com\/ca\/wp-content\/uploads\/sites\/2\/2018\/02\/toprural_destacada-100x100.jpg 100w\" sizes=\"auto, (max-width: 600px) 100vw, 600px\" \/><\/figure><div class=\"featured-image-desc\"><span><a href=\"https:\/\/divisibles.com\/ca\/portfolio\/toprural\/\"><i class=\"fa fa-plus\"><\/i><\/a><\/span><div class=\"feature-inner-block\"><h3 class=\"feature-title-wrap\"><a href=\"https:\/\/divisibles.com\/ca\/portfolio\/toprural\/\">Toprural<\/a><\/h3><h4 class=\"feature-desc-wrap\">Contenidos blog castellano y catal\u00e1n<\/h4><\/div><\/div><\/div><div class=\"tg-feature-product-widget element-item uxdesign tg-column-4 featured portfolio \" data-category=\"featured portfolio \"><figure><img loading=\"lazy\" decoding=\"async\" width=\"600\" height=\"600\" src=\"https:\/\/divisibles.com\/ca\/wp-content\/uploads\/sites\/2\/2018\/01\/mirai_destacada.jpg\" class=\"attachment-full size-full wp-post-image\" alt=\"Mirai Espa\u00f1a\" srcset=\"https:\/\/divisibles.com\/ca\/wp-content\/uploads\/sites\/2\/2018\/01\/mirai_destacada.jpg 600w, https:\/\/divisibles.com\/ca\/wp-content\/uploads\/sites\/2\/2018\/01\/mirai_destacada-300x300.jpg 300w, https:\/\/divisibles.com\/ca\/wp-content\/uploads\/sites\/2\/2018\/01\/mirai_destacada-150x150.jpg 150w, https:\/\/divisibles.com\/ca\/wp-content\/uploads\/sites\/2\/2018\/01\/mirai_destacada-100x100.jpg 100w\" sizes=\"auto, (max-width: 600px) 100vw, 600px\" \/><\/figure><div class=\"featured-image-desc\"><span><a href=\"https:\/\/divisibles.com\/ca\/portfolio\/mirai-espana\/\"><i class=\"fa fa-plus\"><\/i><\/a><\/span><div class=\"feature-inner-block\"><h3 class=\"feature-title-wrap\"><a href=\"https:\/\/divisibles.com\/ca\/portfolio\/mirai-espana\/\">Mirai Espa\u00f1a<\/a><\/h3><h4 class=\"feature-desc-wrap\">Redacci\u00f3n corporativa web<\/h4><\/div><\/div><\/div><div class=\"tg-feature-product-widget element-item uxdesign tg-column-4 portfolio \" data-category=\"portfolio \"><figure><img loading=\"lazy\" decoding=\"async\" width=\"493\" height=\"493\" src=\"https:\/\/divisibles.com\/ca\/wp-content\/uploads\/sites\/2\/2018\/01\/cobertura-novaltia.jpg\" class=\"attachment-full size-full wp-post-image\" alt=\"Novaltia para Publimas Digital\" srcset=\"https:\/\/divisibles.com\/ca\/wp-content\/uploads\/sites\/2\/2018\/01\/cobertura-novaltia.jpg 493w, https:\/\/divisibles.com\/ca\/wp-content\/uploads\/sites\/2\/2018\/01\/cobertura-novaltia-300x300.jpg 300w, https:\/\/divisibles.com\/ca\/wp-content\/uploads\/sites\/2\/2018\/01\/cobertura-novaltia-150x150.jpg 150w, https:\/\/divisibles.com\/ca\/wp-content\/uploads\/sites\/2\/2018\/01\/cobertura-novaltia-100x100.jpg 100w\" sizes=\"auto, (max-width: 493px) 100vw, 493px\" \/><\/figure><div class=\"featured-image-desc\"><span><a href=\"https:\/\/divisibles.com\/ca\/portfolio\/novaltia-editorial-publimas-digital\/\"><i class=\"fa fa-plus\"><\/i><\/a><\/span><div class=\"feature-inner-block\"><h3 class=\"feature-title-wrap\"><a href=\"https:\/\/divisibles.com\/ca\/portfolio\/novaltia-editorial-publimas-digital\/\">Editorial Publimas Digital<\/a><\/h3><h4 class=\"feature-desc-wrap\">Cobertura evento: fotos y noticia<\/h4><\/div><\/div><\/div><div class=\"tg-feature-product-widget element-item uxdesign tg-column-4 featured portfolio \" data-category=\"featured portfolio \"><figure><img loading=\"lazy\" decoding=\"async\" width=\"639\" height=\"639\" src=\"https:\/\/divisibles.com\/ca\/wp-content\/uploads\/sites\/2\/2017\/11\/rotex_destacada-1.jpg\" class=\"attachment-full size-full wp-post-image\" alt=\"Rotex 2012\" srcset=\"https:\/\/divisibles.com\/ca\/wp-content\/uploads\/sites\/2\/2017\/11\/rotex_destacada-1.jpg 639w, https:\/\/divisibles.com\/ca\/wp-content\/uploads\/sites\/2\/2017\/11\/rotex_destacada-1-300x300.jpg 300w, https:\/\/divisibles.com\/ca\/wp-content\/uploads\/sites\/2\/2017\/11\/rotex_destacada-1-150x150.jpg 150w, https:\/\/divisibles.com\/ca\/wp-content\/uploads\/sites\/2\/2017\/11\/rotex_destacada-1-600x600.jpg 600w, https:\/\/divisibles.com\/ca\/wp-content\/uploads\/sites\/2\/2017\/11\/rotex_destacada-1-100x100.jpg 100w\" sizes=\"auto, (max-width: 639px) 100vw, 639px\" \/><\/figure><div class=\"featured-image-desc\"><span><a href=\"https:\/\/divisibles.com\/ca\/portfolio\/rotex-2012\/\"><i class=\"fa fa-plus\"><\/i><\/a><\/span><div class=\"feature-inner-block\"><h3 class=\"feature-title-wrap\"><a href=\"https:\/\/divisibles.com\/ca\/portfolio\/rotex-2012\/\">Rotex 2012<\/a><\/h3><h4 class=\"feature-desc-wrap\">Textos web, art\u00edculos blog y redes sociales<\/h4><\/div><\/div><\/div><\/div><!-- \/.tg-column-wrapper--><\/div><!-- \/.grid --><\/div><!-- \/.tg-container --><\/div><!-- \/.layout div --><\/div><\/div><\/div><\/div>","protected":false},"excerpt":{"rendered":"<p>Vivienda SaludableSEO Content WebBeautymarket -Sal\u00f3n Look MadridCobertura period\u00edstica evento: Noticias y fotos.DigebisCopywriting de newsletterGente en BarcelonaRedacci\u00f3n y fotograf\u00edaSuplementos El Peri\u00f3dicoRedacci\u00f3n [&hellip;]<\/p>\n","protected":false},"author":1,"featured_media":0,"parent":0,"menu_order":0,"comment_status":"closed","ping_status":"closed","template":"","meta":{"rop_custom_images_group":[],"rop_custom_messages_group":[],"rop_publish_now":"initial","rop_publish_now_accounts":[],"rop_publish_now_history":[],"rop_publish_now_status":"pending","jetpack_post_was_ever_published":false,"footnotes":""},"class_list":["post-30583","page","type-page","status-publish","hentry"],"yoast_head":"<!-- This site is optimized with the Yoast SEO plugin v27.3 - https:\/\/yoast.com\/product\/yoast-seo-wordpress\/ -->\n<title>Projectes - diVisibles<\/title>\n<meta name=\"robots\" content=\"index, follow, max-snippet:-1, max-image-preview:large, max-video-preview:-1\" \/>\n<link rel=\"canonical\" href=\"https:\/\/divisibles.com\/ca\/projectes\/\" \/>\n<meta property=\"og:locale\" content=\"ca_ES\" \/>\n<meta property=\"og:type\" content=\"article\" \/>\n<meta property=\"og:title\" content=\"Projectes - diVisibles\" \/>\n<meta property=\"og:description\" content=\"Vivienda SaludableSEO Content WebBeautymarket -Sal\u00f3n Look MadridCobertura period\u00edstica evento: Noticias y fotos.DigebisCopywriting de newsletterGente en BarcelonaRedacci\u00f3n y fotograf\u00edaSuplementos El Peri\u00f3dicoRedacci\u00f3n [&hellip;]\" \/>\n<meta property=\"og:url\" content=\"https:\/\/divisibles.com\/ca\/projectes\/\" \/>\n<meta property=\"og:site_name\" content=\"diVisibles\" \/>\n<meta property=\"article:modified_time\" content=\"2020-11-04T18:58:47+00:00\" \/>\n<meta name=\"twitter:card\" content=\"summary_large_image\" \/>\n<script type=\"application\/ld+json\" class=\"yoast-schema-graph\">{\"@context\":\"https:\\\/\\\/schema.org\",\"@graph\":[{\"@type\":\"WebPage\",\"@id\":\"https:\\\/\\\/divisibles.com\\\/ca\\\/projectes\\\/\",\"url\":\"https:\\\/\\\/divisibles.com\\\/ca\\\/projectes\\\/\",\"name\":\"Projectes - diVisibles\",\"isPartOf\":{\"@id\":\"https:\\\/\\\/divisibles.com\\\/ca\\\/#website\"},\"datePublished\":\"2015-10-02T21:53:04+00:00\",\"dateModified\":\"2020-11-04T18:58:47+00:00\",\"breadcrumb\":{\"@id\":\"https:\\\/\\\/divisibles.com\\\/ca\\\/projectes\\\/#breadcrumb\"},\"inLanguage\":\"ca\",\"potentialAction\":[{\"@type\":\"ReadAction\",\"target\":[\"https:\\\/\\\/divisibles.com\\\/ca\\\/projectes\\\/\"]}]},{\"@type\":\"BreadcrumbList\",\"@id\":\"https:\\\/\\\/divisibles.com\\\/ca\\\/projectes\\\/#breadcrumb\",\"itemListElement\":[{\"@type\":\"ListItem\",\"position\":1,\"name\":\"Inici\",\"item\":\"https:\\\/\\\/divisibles.com\\\/ca\\\/\"},{\"@type\":\"ListItem\",\"position\":2,\"name\":\"Projectes\"}]},{\"@type\":\"WebSite\",\"@id\":\"https:\\\/\\\/divisibles.com\\\/ca\\\/#website\",\"url\":\"https:\\\/\\\/divisibles.com\\\/ca\\\/\",\"name\":\"diVisibles\",\"description\":\"imatge + comunicaci\u00f3\",\"publisher\":{\"@id\":\"https:\\\/\\\/divisibles.com\\\/ca\\\/#organization\"},\"potentialAction\":[{\"@type\":\"SearchAction\",\"target\":{\"@type\":\"EntryPoint\",\"urlTemplate\":\"https:\\\/\\\/divisibles.com\\\/ca\\\/?s={search_term_string}\"},\"query-input\":{\"@type\":\"PropertyValueSpecification\",\"valueRequired\":true,\"valueName\":\"search_term_string\"}}],\"inLanguage\":\"ca\"},{\"@type\":\"Organization\",\"@id\":\"https:\\\/\\\/divisibles.com\\\/ca\\\/#organization\",\"name\":\"diVisibles\",\"url\":\"https:\\\/\\\/divisibles.com\\\/ca\\\/\",\"logo\":{\"@type\":\"ImageObject\",\"inLanguage\":\"ca\",\"@id\":\"https:\\\/\\\/divisibles.com\\\/ca\\\/#\\\/schema\\\/logo\\\/image\\\/\",\"url\":\"https:\\\/\\\/divisibles.com\\\/ca\\\/wp-content\\\/uploads\\\/sites\\\/2\\\/2018\\\/06\\\/logo_tagline_250x67_cat.png\",\"contentUrl\":\"https:\\\/\\\/divisibles.com\\\/ca\\\/wp-content\\\/uploads\\\/sites\\\/2\\\/2018\\\/06\\\/logo_tagline_250x67_cat.png\",\"width\":250,\"height\":67,\"caption\":\"diVisibles\"},\"image\":{\"@id\":\"https:\\\/\\\/divisibles.com\\\/ca\\\/#\\\/schema\\\/logo\\\/image\\\/\"}}]}<\/script>\n<!-- \/ Yoast SEO plugin. -->","yoast_head_json":{"title":"Projectes - diVisibles","robots":{"index":"index","follow":"follow","max-snippet":"max-snippet:-1","max-image-preview":"max-image-preview:large","max-video-preview":"max-video-preview:-1"},"canonical":"https:\/\/divisibles.com\/ca\/projectes\/","og_locale":"ca_ES","og_type":"article","og_title":"Projectes - diVisibles","og_description":"Vivienda SaludableSEO Content WebBeautymarket -Sal\u00f3n Look MadridCobertura period\u00edstica evento: Noticias y fotos.DigebisCopywriting de newsletterGente en BarcelonaRedacci\u00f3n y fotograf\u00edaSuplementos El Peri\u00f3dicoRedacci\u00f3n [&hellip;]","og_url":"https:\/\/divisibles.com\/ca\/projectes\/","og_site_name":"diVisibles","article_modified_time":"2020-11-04T18:58:47+00:00","twitter_card":"summary_large_image","schema":{"@context":"https:\/\/schema.org","@graph":[{"@type":"WebPage","@id":"https:\/\/divisibles.com\/ca\/projectes\/","url":"https:\/\/divisibles.com\/ca\/projectes\/","name":"Projectes - diVisibles","isPartOf":{"@id":"https:\/\/divisibles.com\/ca\/#website"},"datePublished":"2015-10-02T21:53:04+00:00","dateModified":"2020-11-04T18:58:47+00:00","breadcrumb":{"@id":"https:\/\/divisibles.com\/ca\/projectes\/#breadcrumb"},"inLanguage":"ca","potentialAction":[{"@type":"ReadAction","target":["https:\/\/divisibles.com\/ca\/projectes\/"]}]},{"@type":"BreadcrumbList","@id":"https:\/\/divisibles.com\/ca\/projectes\/#breadcrumb","itemListElement":[{"@type":"ListItem","position":1,"name":"Inici","item":"https:\/\/divisibles.com\/ca\/"},{"@type":"ListItem","position":2,"name":"Projectes"}]},{"@type":"WebSite","@id":"https:\/\/divisibles.com\/ca\/#website","url":"https:\/\/divisibles.com\/ca\/","name":"diVisibles","description":"imatge + comunicaci\u00f3","publisher":{"@id":"https:\/\/divisibles.com\/ca\/#organization"},"potentialAction":[{"@type":"SearchAction","target":{"@type":"EntryPoint","urlTemplate":"https:\/\/divisibles.com\/ca\/?s={search_term_string}"},"query-input":{"@type":"PropertyValueSpecification","valueRequired":true,"valueName":"search_term_string"}}],"inLanguage":"ca"},{"@type":"Organization","@id":"https:\/\/divisibles.com\/ca\/#organization","name":"diVisibles","url":"https:\/\/divisibles.com\/ca\/","logo":{"@type":"ImageObject","inLanguage":"ca","@id":"https:\/\/divisibles.com\/ca\/#\/schema\/logo\/image\/","url":"https:\/\/divisibles.com\/ca\/wp-content\/uploads\/sites\/2\/2018\/06\/logo_tagline_250x67_cat.png","contentUrl":"https:\/\/divisibles.com\/ca\/wp-content\/uploads\/sites\/2\/2018\/06\/logo_tagline_250x67_cat.png","width":250,"height":67,"caption":"diVisibles"},"image":{"@id":"https:\/\/divisibles.com\/ca\/#\/schema\/logo\/image\/"}}]}},"jetpack_sharing_enabled":true,"jetpack_shortlink":"https:\/\/wp.me\/PcUwMi-7Xh","_links":{"self":[{"href":"https:\/\/divisibles.com\/ca\/wp-json\/wp\/v2\/pages\/30583","targetHints":{"allow":["GET"]}}],"collection":[{"href":"https:\/\/divisibles.com\/ca\/wp-json\/wp\/v2\/pages"}],"about":[{"href":"https:\/\/divisibles.com\/ca\/wp-json\/wp\/v2\/types\/page"}],"author":[{"embeddable":true,"href":"https:\/\/divisibles.com\/ca\/wp-json\/wp\/v2\/users\/1"}],"replies":[{"embeddable":true,"href":"https:\/\/divisibles.com\/ca\/wp-json\/wp\/v2\/comments?post=30583"}],"version-history":[{"count":1,"href":"https:\/\/divisibles.com\/ca\/wp-json\/wp\/v2\/pages\/30583\/revisions"}],"predecessor-version":[{"id":31763,"href":"https:\/\/divisibles.com\/ca\/wp-json\/wp\/v2\/pages\/30583\/revisions\/31763"}],"wp:attachment":[{"href":"https:\/\/divisibles.com\/ca\/wp-json\/wp\/v2\/media?parent=30583"}],"curies":[{"name":"wp","href":"https:\/\/api.w.org\/{rel}","templated":true}]}}