{"id":30605,"date":"2017-05-28T12:07:32","date_gmt":"2017-05-28T12:07:32","guid":{"rendered":"http:\/\/divisibles.com\/?page_id=30605"},"modified":"2020-11-05T19:46:47","modified_gmt":"2020-11-05T19:46:47","slug":"redaccio-i-edicio","status":"publish","type":"page","link":"https:\/\/divisibles.com\/ca\/redaccio-i-edicio\/","title":{"rendered":"Redacci\u00f3 i edici\u00f3"},"content":{"rendered":"<div id=\"pl-30605\"  class=\"panel-layout\" ><div id=\"pg-30605-0\"  class=\"panel-grid panel-no-style\" ><div id=\"pgc-30605-0-0\"  class=\"panel-grid-cell\" ><div id=\"panel-30605-0-0-0\" class=\"so-panel widget widget_sow-icon panel-first-child panel-last-child\" data-index=\"0\" ><div\n\t\t\t\n\t\t\tclass=\"so-widget-sow-icon so-widget-sow-icon-default-f8441f263244-30605\"\n\t\t\t\n\t\t>\n<div class=\"sow-icon-container sow-icon\">\n\t\t\t<span class=\"sow-icon-fontawesome sow-fas\" data-sow-icon=\"&#xf303;\"\n\t\t \n\t\taria-hidden=\"true\"><\/span>\t<\/div>\n<\/div><\/div><\/div><\/div><div id=\"pg-30605-1\"  class=\"panel-grid panel-has-style\" ><div class=\"siteorigin-panels-stretch panel-row-style panel-row-style-for-30605-1\" data-stretch-type=\"full\" ><div id=\"pgc-30605-1-0\"  class=\"panel-grid-cell\" ><div id=\"panel-30605-1-0-0\" class=\"so-panel widget widget_themegrill_flash_heading tg-widget section-title-wrapper panel-first-child panel-last-child\" data-index=\"1\" >\t<h3 class=\"section-title\">Amplis serveis de redacci\u00f3 de texts on i off line<\/h3>\n<\/div><\/div><\/div><\/div><div id=\"pg-30605-2\"  class=\"panel-grid panel-no-style\" ><div id=\"pgc-30605-2-0\"  class=\"panel-grid-cell\" ><div id=\"panel-30605-2-0-0\" class=\"so-panel widget widget_sow-editor panel-first-child panel-last-child\" data-index=\"2\" ><div\n\t\t\t\n\t\t\tclass=\"so-widget-sow-editor so-widget-sow-editor-base\"\n\t\t\t\n\t\t>\n<div class=\"siteorigin-widget-tinymce textwidget\">\n\t<p>Creem, dissenyem, corregim i implementem continguts per a diversos mitjans i suports. Avui en dia, el contingut \u00e9s primordial, \u00e9s a dir, una manera m\u00e9s de diferenciar-se. Confiar en <strong>experts en la redacci\u00f3 de continguts<\/strong> i no deixar-ho en mans de qualsevol \u00e9s un encert per a destacar i aportar qualitat.<\/p>\n<p>A <strong><a href=\"http:\/\/www.divisibles.com\"><span style=\"color: #dd9933;\">diVisibles<\/span><\/a><\/strong>, comptem amb un equip de periodistes i redactors amb gran experi\u00e8ncia en la <strong>creaci\u00f3, correcci\u00f3 i edici\u00f3 de continguts<\/strong>, tant generals com sectorials, corporatius, per a diaris i revistes, per a llocs web, ecommerce, blogs...<\/p>\n<\/div>\n<\/div><\/div><\/div><\/div><div id=\"pg-30605-3\"  class=\"panel-grid panel-no-style\" ><div id=\"pgc-30605-3-0\"  class=\"panel-grid-cell\" ><div id=\"panel-30605-3-0-0\" class=\"so-panel widget widget_sow-features panel-first-child panel-last-child\" data-index=\"3\" ><div\n\t\t\t\n\t\t\tclass=\"so-widget-sow-features so-widget-sow-features-default-bb759165524a-30605\"\n\t\t\t\n\t\t><ul\n\tclass=\"sow-features-list\n\tsow-features-responsive\">\n\n\t\t\t<li\n\t\t\tclass=\"sow-features-feature sow-icon-container-position-top\"\n\t\t\tstyle=\"display: flex; flex-direction: column; width: calc(25% - 25px);\"\n\t\t>\n\t\t\t\n\t\t\t\t\t\t<div\t\t\t\tclass=\"sow-icon-container sow-container-rounded-sticker\"\n\t\t\t\tstyle=\"color: #dd9933; \"\n\t\t\t\ttitle=\"Redacci\u00f3 period\u00edstica\"\n\t\t\t\t\t\t\t>\n\t\t\t\t<span class=\"sow-icon-fontawesome sow-fas\" data-sow-icon=\"&#xf036;\"\n\t\tstyle=\"font-size: 36px; color: #ffffff\" \n\t\taria-hidden=\"true\"><\/span>\t\t\t<\/div>\n\n\t\t\t<div class=\"textwidget\">\n\t\t\t\t\n\t\t\t\t\t\t\t\t\t<h5 class=\"sow-features-feature-title\">\n\t\t\t\t\t\tRedacci\u00f3 period\u00edstica\t\t\t\t\t<\/h5>\n\t\t\t\t\n\t\t\t\t\t\t\t\t\t<div class=\"sow-features-feature-text\">\n\t\t\t\t\t<p class=\"western\">Not\u00edcies, reportatges, articles, publireportatges, cr\u00f2niques, entrevistes, notes de premsa, mem\u00f2ries... En diferents idiomes. Tamb\u00e9 ens fem c\u00e0rrec de la coordinaci\u00f3 de continguts, tasques de cap de secci\u00f3 i coordinaci\u00f3 de redactors i col\u00b7laboradors del mitj\u00e0 o empresa. Cobertura d'esdeveniments per a not\u00edcies, entrevistes o cr\u00f2niques.<\/p>\n\t\t\t\t\t<\/div>\n\t\t\t\t\t\t\t\t<\/div>\n\t\t\t\t\t\t\t\t<\/li>\n\n\t\t\t<li\n\t\t\tclass=\"sow-features-feature sow-icon-container-position-top\"\n\t\t\tstyle=\"display: flex; flex-direction: column; width: calc(25% - 25px);\"\n\t\t>\n\t\t\t\n\t\t\t\t\t\t<div\t\t\t\tclass=\"sow-icon-container sow-container-rounded-sticker\"\n\t\t\t\tstyle=\"color: #dd9933; \"\n\t\t\t\ttitle=\"Redacci\u00f3 corporativa\"\n\t\t\t\t\t\t\t>\n\t\t\t\t<span class=\"sow-icon-fontawesome sow-fas\" data-sow-icon=\"&#xf0b1;\"\n\t\tstyle=\"font-size: 36px; color: #ffffff\" \n\t\taria-hidden=\"true\"><\/span>\t\t\t<\/div>\n\n\t\t\t<div class=\"textwidget\">\n\t\t\t\t\n\t\t\t\t\t\t\t\t\t<h5 class=\"sow-features-feature-title\">\n\t\t\t\t\t\tRedacci\u00f3 corporativa\t\t\t\t\t<\/h5>\n\t\t\t\t\n\t\t\t\t\t\t\t\t\t<div class=\"sow-features-feature-text\">\n\t\t\t\t\t<p class=\"western\">Texts corporatius, dossiers, cat\u00e0legs, revistes o butlletins corporatius, presentacions i informes empresarials, circulars internes, mails, cartes, mem\u00f2ries d'empresa, notes de premsa, not\u00edcies, comunicaci\u00f3 interna. Assessoria en comunicaci\u00f3. En diferents idiomes<\/p>\n\t\t\t\t\t<\/div>\n\t\t\t\t\t\t\t\t<\/div>\n\t\t\t\t\t\t\t\t<\/li>\n\n\t\t\t<li\n\t\t\tclass=\"sow-features-feature sow-icon-container-position-top\"\n\t\t\tstyle=\"display: flex; flex-direction: column; width: calc(25% - 25px);\"\n\t\t>\n\t\t\t\n\t\t\t\t\t\t<div\t\t\t\tclass=\"sow-icon-container sow-container-rounded-sticker\"\n\t\t\t\tstyle=\"color: #dd9933; \"\n\t\t\t\ttitle=\"Texts web\"\n\t\t\t\t\t\t\t>\n\t\t\t\t<span class=\"sow-icon-fontawesome sow-fas\" data-sow-icon=\"&#xf0ac;\"\n\t\tstyle=\"font-size: 36px; color: #ffffff\" \n\t\taria-hidden=\"true\"><\/span>\t\t\t<\/div>\n\n\t\t\t<div class=\"textwidget\">\n\t\t\t\t\n\t\t\t\t\t\t\t\t\t<h5 class=\"sow-features-feature-title\">\n\t\t\t\t\t\tTexts web\t\t\t\t\t<\/h5>\n\t\t\t\t\n\t\t\t\t\t\t\t\t\t<div class=\"sow-features-feature-text\">\n\t\t\t\t\t<p class=\"western\">P\u00e0gines web, d'empresa o per a mitjans; gesti\u00f3, implementaci\u00f3 i optimitzaci\u00f3 de blogs; microblogging, landing pages, articles SEO optimitzats per a buscadors, recerca de keywords o paraules clau, descripci\u00f3 de texts de productes web i ecommerce. En diferents idiomes.<\/p>\n\t\t\t\t\t<\/div>\n\t\t\t\t\t\t\t\t<\/div>\n\t\t\t\t\t\t\t\t<\/li>\n\n\t\t\t<li\n\t\t\tclass=\"sow-features-feature sow-icon-container-position-top\"\n\t\t\tstyle=\"display: flex; flex-direction: column; width: calc(25% - 25px);\"\n\t\t>\n\t\t\t\n\t\t\t\t\t\t<div\t\t\t\tclass=\"sow-icon-container sow-container-rounded-sticker\"\n\t\t\t\tstyle=\"color: #dd9933; \"\n\t\t\t\ttitle=\"Traducci\u00f3, correcci\u00f3, edici\u00f3\"\n\t\t\t\t\t\t\t>\n\t\t\t\t<span class=\"sow-icon-fontawesome sow-fas\" data-sow-icon=\"&#xf00c;\"\n\t\tstyle=\"font-size: 36px; color: #ffffff\" \n\t\taria-hidden=\"true\"><\/span>\t\t\t<\/div>\n\n\t\t\t<div class=\"textwidget\">\n\t\t\t\t\n\t\t\t\t\t\t\t\t\t<h5 class=\"sow-features-feature-title\">\n\t\t\t\t\t\tTraducci\u00f3, correcci\u00f3, edici\u00f3\t\t\t\t\t<\/h5>\n\t\t\t\t\n\t\t\t\t\t\t\t\t\t<div class=\"sow-features-feature-text\">\n\t\t\t\t\t<p class=\"western\">Traducci\u00f3 de texts del i al castell\u00e0, catal\u00e0, angl\u00e9s, itali\u00e0\u2026 tasques de correcci\u00f3 de texts per al proc\u00e9s d'edici\u00f3 i publicaci\u00f3 de continguts directament a les plataformes o gestors existents.<\/p>\n\t\t\t\t\t<\/div>\n\t\t\t\t\t\t\t\t<\/div>\n\t\t\t\t\t\t\t\t<\/li>\n\n\t<\/ul>\n<\/div><\/div><\/div><\/div><div id=\"pg-30605-4\"  class=\"panel-grid panel-has-style\" ><div class=\"panel-row-style panel-row-style-for-30605-4\" ><div id=\"pgc-30605-4-0\"  class=\"panel-grid-cell\" ><div id=\"panel-30605-4-0-0\" class=\"so-panel widget widget_sow-editor panel-first-child\" data-index=\"4\" ><div class=\"panel-widget-style panel-widget-style-for-30605-4-0-0\" ><div\n\t\t\t\n\t\t\tclass=\"so-widget-sow-editor so-widget-sow-editor-base\"\n\t\t\t\n\t\t>\n<div class=\"siteorigin-widget-tinymce textwidget\">\n\t<h4 class=\"western\" style=\"text-align: center;\">Si necessites texts de qualitat, professionals i diferents, els creem i transformem<\/h4>\n<\/div>\n<\/div><\/div><\/div><div id=\"panel-30605-4-0-1\" class=\"so-panel widget widget_sow-button panel-last-child\" data-index=\"5\" ><div\n\t\t\t\n\t\t\tclass=\"so-widget-sow-button so-widget-sow-button-atom-91b50669a080-30605\"\n\t\t\t\n\t\t><div class=\"ow-button-base ow-button-align-center\"\n>\n\t\t\t<a\n\t\t\t\t\thref=\"https:\/\/divisibles.com\/ca\/contacte\/\"\n\t\t\t\t\tclass=\"sowb-button ow-icon-placement-left ow-button-hover\" \t>\n\t\t<span>\n\t\t\t\n\t\t\tVull nous continguts\t\t<\/span>\n\t\t\t<\/a>\n\t<\/div>\n<\/div><\/div><\/div><\/div><\/div><div id=\"pg-30605-5\"  class=\"panel-grid panel-no-style\" ><div id=\"pgc-30605-5-0\"  class=\"panel-grid-cell panel-grid-cell-empty\" ><\/div><\/div><\/div>","protected":false},"excerpt":{"rendered":"<p>Amplis serveis de redacci\u00f3 de texts on i off line Creem, dissenyem, corregim i implementem continguts per a diversos mitjans [&hellip;]<\/p>\n","protected":false},"author":1,"featured_media":30596,"parent":0,"menu_order":0,"comment_status":"closed","ping_status":"closed","template":"page-templates\/pagebuilder.php","meta":{"rop_custom_images_group":[],"rop_custom_messages_group":[],"rop_publish_now":"initial","rop_publish_now_accounts":[],"rop_publish_now_history":[],"rop_publish_now_status":"pending","jetpack_post_was_ever_published":false,"footnotes":""},"class_list":["post-30605","page","type-page","status-publish","has-post-thumbnail","hentry"],"yoast_head":"<!-- This site is optimized with the Yoast SEO plugin v27.4 - https:\/\/yoast.com\/product\/yoast-seo-wordpress\/ -->\n<title>Redacci\u00f3 i edici\u00f3 - diVisibles<\/title>\n<meta name=\"robots\" content=\"index, follow, max-snippet:-1, max-image-preview:large, max-video-preview:-1\" \/>\n<link rel=\"canonical\" href=\"https:\/\/divisibles.com\/ca\/redaccio-i-edicio\/\" \/>\n<meta property=\"og:locale\" content=\"ca_ES\" \/>\n<meta property=\"og:type\" content=\"article\" \/>\n<meta property=\"og:title\" content=\"Redacci\u00f3 i edici\u00f3 - diVisibles\" \/>\n<meta property=\"og:description\" content=\"Amplis serveis de redacci\u00f3 de texts on i off line Creem, dissenyem, corregim i implementem continguts per a diversos mitjans [&hellip;]\" \/>\n<meta property=\"og:url\" content=\"https:\/\/divisibles.com\/ca\/redaccio-i-edicio\/\" \/>\n<meta property=\"og:site_name\" content=\"diVisibles\" \/>\n<meta property=\"article:modified_time\" content=\"2020-11-05T19:46:47+00:00\" \/>\n<meta property=\"og:image\" content=\"https:\/\/divisibles.com\/ca\/wp-content\/uploads\/sites\/2\/2016\/03\/DSF4329.jpg\" \/>\n\t<meta property=\"og:image:width\" content=\"1170\" \/>\n\t<meta property=\"og:image:height\" content=\"400\" \/>\n\t<meta property=\"og:image:type\" content=\"image\/jpeg\" \/>\n<meta name=\"twitter:card\" content=\"summary_large_image\" \/>\n<meta name=\"twitter:label1\" content=\"Temps estimat de lectura\" \/>\n\t<meta name=\"twitter:data1\" content=\"1 minut\" \/>\n<script type=\"application\/ld+json\" class=\"yoast-schema-graph\">{\"@context\":\"https:\\\/\\\/schema.org\",\"@graph\":[{\"@type\":\"WebPage\",\"@id\":\"https:\\\/\\\/divisibles.com\\\/ca\\\/redaccio-i-edicio\\\/\",\"url\":\"https:\\\/\\\/divisibles.com\\\/ca\\\/redaccio-i-edicio\\\/\",\"name\":\"Redacci\u00f3 i edici\u00f3 - diVisibles\",\"isPartOf\":{\"@id\":\"https:\\\/\\\/divisibles.com\\\/ca\\\/#website\"},\"primaryImageOfPage\":{\"@id\":\"https:\\\/\\\/divisibles.com\\\/ca\\\/redaccio-i-edicio\\\/#primaryimage\"},\"image\":{\"@id\":\"https:\\\/\\\/divisibles.com\\\/ca\\\/redaccio-i-edicio\\\/#primaryimage\"},\"thumbnailUrl\":\"https:\\\/\\\/divisibles.com\\\/ca\\\/wp-content\\\/uploads\\\/sites\\\/2\\\/2016\\\/03\\\/DSF4329.jpg\",\"datePublished\":\"2017-05-28T12:07:32+00:00\",\"dateModified\":\"2020-11-05T19:46:47+00:00\",\"breadcrumb\":{\"@id\":\"https:\\\/\\\/divisibles.com\\\/ca\\\/redaccio-i-edicio\\\/#breadcrumb\"},\"inLanguage\":\"ca\",\"potentialAction\":[{\"@type\":\"ReadAction\",\"target\":[\"https:\\\/\\\/divisibles.com\\\/ca\\\/redaccio-i-edicio\\\/\"]}]},{\"@type\":\"ImageObject\",\"inLanguage\":\"ca\",\"@id\":\"https:\\\/\\\/divisibles.com\\\/ca\\\/redaccio-i-edicio\\\/#primaryimage\",\"url\":\"https:\\\/\\\/divisibles.com\\\/ca\\\/wp-content\\\/uploads\\\/sites\\\/2\\\/2016\\\/03\\\/DSF4329.jpg\",\"contentUrl\":\"https:\\\/\\\/divisibles.com\\\/ca\\\/wp-content\\\/uploads\\\/sites\\\/2\\\/2016\\\/03\\\/DSF4329.jpg\",\"width\":1170,\"height\":400},{\"@type\":\"BreadcrumbList\",\"@id\":\"https:\\\/\\\/divisibles.com\\\/ca\\\/redaccio-i-edicio\\\/#breadcrumb\",\"itemListElement\":[{\"@type\":\"ListItem\",\"position\":1,\"name\":\"Inici\",\"item\":\"https:\\\/\\\/divisibles.com\\\/ca\\\/\"},{\"@type\":\"ListItem\",\"position\":2,\"name\":\"Redacci\u00f3 i edici\u00f3\"}]},{\"@type\":\"WebSite\",\"@id\":\"https:\\\/\\\/divisibles.com\\\/ca\\\/#website\",\"url\":\"https:\\\/\\\/divisibles.com\\\/ca\\\/\",\"name\":\"diVisibles\",\"description\":\"imatge + comunicaci\u00f3\",\"publisher\":{\"@id\":\"https:\\\/\\\/divisibles.com\\\/ca\\\/#organization\"},\"potentialAction\":[{\"@type\":\"SearchAction\",\"target\":{\"@type\":\"EntryPoint\",\"urlTemplate\":\"https:\\\/\\\/divisibles.com\\\/ca\\\/?s={search_term_string}\"},\"query-input\":{\"@type\":\"PropertyValueSpecification\",\"valueRequired\":true,\"valueName\":\"search_term_string\"}}],\"inLanguage\":\"ca\"},{\"@type\":\"Organization\",\"@id\":\"https:\\\/\\\/divisibles.com\\\/ca\\\/#organization\",\"name\":\"diVisibles\",\"url\":\"https:\\\/\\\/divisibles.com\\\/ca\\\/\",\"logo\":{\"@type\":\"ImageObject\",\"inLanguage\":\"ca\",\"@id\":\"https:\\\/\\\/divisibles.com\\\/ca\\\/#\\\/schema\\\/logo\\\/image\\\/\",\"url\":\"https:\\\/\\\/divisibles.com\\\/ca\\\/wp-content\\\/uploads\\\/sites\\\/2\\\/2018\\\/06\\\/logo_tagline_250x67_cat.png\",\"contentUrl\":\"https:\\\/\\\/divisibles.com\\\/ca\\\/wp-content\\\/uploads\\\/sites\\\/2\\\/2018\\\/06\\\/logo_tagline_250x67_cat.png\",\"width\":250,\"height\":67,\"caption\":\"diVisibles\"},\"image\":{\"@id\":\"https:\\\/\\\/divisibles.com\\\/ca\\\/#\\\/schema\\\/logo\\\/image\\\/\"}}]}<\/script>\n<!-- \/ Yoast SEO plugin. -->","yoast_head_json":{"title":"Redacci\u00f3 i edici\u00f3 - diVisibles","robots":{"index":"index","follow":"follow","max-snippet":"max-snippet:-1","max-image-preview":"max-image-preview:large","max-video-preview":"max-video-preview:-1"},"canonical":"https:\/\/divisibles.com\/ca\/redaccio-i-edicio\/","og_locale":"ca_ES","og_type":"article","og_title":"Redacci\u00f3 i edici\u00f3 - diVisibles","og_description":"Amplis serveis de redacci\u00f3 de texts on i off line Creem, dissenyem, corregim i implementem continguts per a diversos mitjans [&hellip;]","og_url":"https:\/\/divisibles.com\/ca\/redaccio-i-edicio\/","og_site_name":"diVisibles","article_modified_time":"2020-11-05T19:46:47+00:00","og_image":[{"width":1170,"height":400,"url":"https:\/\/divisibles.com\/ca\/wp-content\/uploads\/sites\/2\/2016\/03\/DSF4329.jpg","type":"image\/jpeg"}],"twitter_card":"summary_large_image","twitter_misc":{"Temps estimat de lectura":"1 minut"},"schema":{"@context":"https:\/\/schema.org","@graph":[{"@type":"WebPage","@id":"https:\/\/divisibles.com\/ca\/redaccio-i-edicio\/","url":"https:\/\/divisibles.com\/ca\/redaccio-i-edicio\/","name":"Redacci\u00f3 i edici\u00f3 - diVisibles","isPartOf":{"@id":"https:\/\/divisibles.com\/ca\/#website"},"primaryImageOfPage":{"@id":"https:\/\/divisibles.com\/ca\/redaccio-i-edicio\/#primaryimage"},"image":{"@id":"https:\/\/divisibles.com\/ca\/redaccio-i-edicio\/#primaryimage"},"thumbnailUrl":"https:\/\/divisibles.com\/ca\/wp-content\/uploads\/sites\/2\/2016\/03\/DSF4329.jpg","datePublished":"2017-05-28T12:07:32+00:00","dateModified":"2020-11-05T19:46:47+00:00","breadcrumb":{"@id":"https:\/\/divisibles.com\/ca\/redaccio-i-edicio\/#breadcrumb"},"inLanguage":"ca","potentialAction":[{"@type":"ReadAction","target":["https:\/\/divisibles.com\/ca\/redaccio-i-edicio\/"]}]},{"@type":"ImageObject","inLanguage":"ca","@id":"https:\/\/divisibles.com\/ca\/redaccio-i-edicio\/#primaryimage","url":"https:\/\/divisibles.com\/ca\/wp-content\/uploads\/sites\/2\/2016\/03\/DSF4329.jpg","contentUrl":"https:\/\/divisibles.com\/ca\/wp-content\/uploads\/sites\/2\/2016\/03\/DSF4329.jpg","width":1170,"height":400},{"@type":"BreadcrumbList","@id":"https:\/\/divisibles.com\/ca\/redaccio-i-edicio\/#breadcrumb","itemListElement":[{"@type":"ListItem","position":1,"name":"Inici","item":"https:\/\/divisibles.com\/ca\/"},{"@type":"ListItem","position":2,"name":"Redacci\u00f3 i edici\u00f3"}]},{"@type":"WebSite","@id":"https:\/\/divisibles.com\/ca\/#website","url":"https:\/\/divisibles.com\/ca\/","name":"diVisibles","description":"imatge + comunicaci\u00f3","publisher":{"@id":"https:\/\/divisibles.com\/ca\/#organization"},"potentialAction":[{"@type":"SearchAction","target":{"@type":"EntryPoint","urlTemplate":"https:\/\/divisibles.com\/ca\/?s={search_term_string}"},"query-input":{"@type":"PropertyValueSpecification","valueRequired":true,"valueName":"search_term_string"}}],"inLanguage":"ca"},{"@type":"Organization","@id":"https:\/\/divisibles.com\/ca\/#organization","name":"diVisibles","url":"https:\/\/divisibles.com\/ca\/","logo":{"@type":"ImageObject","inLanguage":"ca","@id":"https:\/\/divisibles.com\/ca\/#\/schema\/logo\/image\/","url":"https:\/\/divisibles.com\/ca\/wp-content\/uploads\/sites\/2\/2018\/06\/logo_tagline_250x67_cat.png","contentUrl":"https:\/\/divisibles.com\/ca\/wp-content\/uploads\/sites\/2\/2018\/06\/logo_tagline_250x67_cat.png","width":250,"height":67,"caption":"diVisibles"},"image":{"@id":"https:\/\/divisibles.com\/ca\/#\/schema\/logo\/image\/"}}]}},"jetpack_sharing_enabled":true,"jetpack_shortlink":"https:\/\/wp.me\/PcUwMi-7XD","_links":{"self":[{"href":"https:\/\/divisibles.com\/ca\/wp-json\/wp\/v2\/pages\/30605","targetHints":{"allow":["GET"]}}],"collection":[{"href":"https:\/\/divisibles.com\/ca\/wp-json\/wp\/v2\/pages"}],"about":[{"href":"https:\/\/divisibles.com\/ca\/wp-json\/wp\/v2\/types\/page"}],"author":[{"embeddable":true,"href":"https:\/\/divisibles.com\/ca\/wp-json\/wp\/v2\/users\/1"}],"replies":[{"embeddable":true,"href":"https:\/\/divisibles.com\/ca\/wp-json\/wp\/v2\/comments?post=30605"}],"version-history":[{"count":6,"href":"https:\/\/divisibles.com\/ca\/wp-json\/wp\/v2\/pages\/30605\/revisions"}],"predecessor-version":[{"id":31769,"href":"https:\/\/divisibles.com\/ca\/wp-json\/wp\/v2\/pages\/30605\/revisions\/31769"}],"wp:featuredmedia":[{"embeddable":true,"href":"https:\/\/divisibles.com\/ca\/wp-json\/wp\/v2\/media\/30596"}],"wp:attachment":[{"href":"https:\/\/divisibles.com\/ca\/wp-json\/wp\/v2\/media?parent=30605"}],"curies":[{"name":"wp","href":"https:\/\/api.w.org\/{rel}","templated":true}]}}