{"id":30946,"date":"2017-08-31T22:12:55","date_gmt":"2017-08-31T22:12:55","guid":{"rendered":"http:\/\/divisibles.com\/?page_id=30946"},"modified":"2020-11-05T22:09:53","modified_gmt":"2020-11-05T22:09:53","slug":"marqueting-online","status":"publish","type":"page","link":"https:\/\/divisibles.com\/ca\/marqueting-online\/","title":{"rendered":"M\u00e0rqueting online"},"content":{"rendered":"<div id=\"pl-30946\"  class=\"panel-layout\" ><div id=\"pg-30946-0\"  class=\"panel-grid panel-no-style\" ><div id=\"pgc-30946-0-0\"  class=\"panel-grid-cell\" ><div id=\"panel-30946-0-0-0\" class=\"so-panel widget widget_sow-icon panel-first-child panel-last-child\" data-index=\"0\" ><div\n\t\t\t\n\t\t\tclass=\"so-widget-sow-icon so-widget-sow-icon-default-f8441f263244-30946\"\n\t\t\t\n\t\t>\n<div class=\"sow-icon-container sow-icon\">\n\t\t\t<span class=\"sow-icon-fontawesome sow-fas\" data-sow-icon=\"&#xf07a;\"\n\t\t \n\t\taria-hidden=\"true\"><\/span>\t<\/div>\n<\/div><\/div><\/div><\/div><div id=\"pg-30946-1\"  class=\"panel-grid panel-has-style\" ><div class=\"siteorigin-panels-stretch panel-row-style panel-row-style-for-30946-1\" data-stretch-type=\"full\" ><div id=\"pgc-30946-1-0\"  class=\"panel-grid-cell\" ><div id=\"panel-30946-1-0-0\" class=\"so-panel widget widget_themegrill_flash_heading tg-widget section-title-wrapper panel-first-child panel-last-child\" data-index=\"1\" >\t<h3 class=\"section-title\">Gesti\u00f3 de continguts i projectes de m\u00e0rqueting online<\/h3>\n<\/div><\/div><\/div><\/div><div id=\"pg-30946-2\"  class=\"panel-grid panel-no-style\" ><div id=\"pgc-30946-2-0\"  class=\"panel-grid-cell\" ><div id=\"panel-30946-2-0-0\" class=\"so-panel widget widget_sow-editor panel-first-child panel-last-child\" data-index=\"2\" ><div\n\t\t\t\n\t\t\tclass=\"so-widget-sow-editor so-widget-sow-editor-base\"\n\t\t\t\n\t\t>\n<div class=\"siteorigin-widget-tinymce textwidget\">\n\t<p>Internet est\u00e0 quallat de continguts iguals, sense personalitat, amb errors ortogr\u00e0fics i baixa qualitat. Si no vols ser un m\u00e9s, destaca a traves de texts que aportin valor. Google ho premia. <strong>Experts en marketing de continguts i copywriting, a <\/strong><strong><span style=\"color: #ffcc00;\">diVisibles<\/span><\/strong> sabem com cal diferenciar-se a la Xarxa i guanyar visibilitat.<\/p>\n<p>Les xarxes socials s\u00f3n una eina m\u00e9s de comunicaci\u00f3. Gestionem la pres\u00e8ncia de l'empresa, particular o marca als social media, amb la publicaci\u00f3 de not\u00edcies i material gr\u00e0fic per a aquests nous mitjans. Oferim un <strong>servei integral de gesti\u00f3 de xarxes socials<\/strong> (community manager i social media manager).<\/p>\n<p>Implementem totes les eines necess\u00e0ries per a crear una <strong>campanya de publicitat online<\/strong> efica\u00e7. Tamb\u00e9 assessorem sobre l'estrat\u00e8gia online\u00a0 a seguir o iniciar. I aix\u00f2 ho fem de la m\u00e0 del client o mitj\u00e0, convertint-nos en una part m\u00e9s del seu projecte, del seu equip.<\/p>\n<\/div>\n<\/div><\/div><\/div><\/div><div id=\"pg-30946-3\"  class=\"panel-grid panel-no-style\" ><div id=\"pgc-30946-3-0\"  class=\"panel-grid-cell\" ><div id=\"panel-30946-3-0-0\" class=\"so-panel widget widget_sow-features panel-first-child panel-last-child\" data-index=\"3\" ><div\n\t\t\t\n\t\t\tclass=\"so-widget-sow-features so-widget-sow-features-default-bb759165524a-30946\"\n\t\t\t\n\t\t><ul\n\tclass=\"sow-features-list\n\tsow-features-responsive\">\n\n\t\t\t<li\n\t\t\tclass=\"sow-features-feature sow-icon-container-position-top\"\n\t\t\tstyle=\"display: flex; flex-direction: column; width: calc(25% - 25px);\"\n\t\t>\n\t\t\t\n\t\t\t\t\t\t<div\t\t\t\tclass=\"sow-icon-container sow-container-rounded-sticker\"\n\t\t\t\tstyle=\"color: #eeee22; \"\n\t\t\t\ttitle=\"Copywriting\"\n\t\t\t\t\t\t\t>\n\t\t\t\t<span class=\"sow-icon-fontawesome sow-fas\" data-sow-icon=\"&#xf0ca;\"\n\t\tstyle=\"font-size: 36px; color: #ffffff\" \n\t\taria-hidden=\"true\"><\/span>\t\t\t<\/div>\n\n\t\t\t<div class=\"textwidget\">\n\t\t\t\t\n\t\t\t\t\t\t\t\t\t<h5 class=\"sow-features-feature-title\">\n\t\t\t\t\t\tCopywriting\t\t\t\t\t<\/h5>\n\t\t\t\t\n\t\t\t\t\t\t\t\t\t<div class=\"sow-features-feature-text\">\n\t\t\t\t\t<p class=\"western\">M\u00e0rqueting de continguts, inbound marketing, gesti\u00f3 de continguts online, disseny de pla editorial online, pla de mitjans, copywriting per a anuncis a google adwords, Facebook ads, banners, redacci\u00f3 per a xarxes socials, content curator.<\/p>\n\t\t\t\t\t<\/div>\n\t\t\t\t\t\t\t\t<\/div>\n\t\t\t\t\t\t\t\t<\/li>\n\n\t\t\t<li\n\t\t\tclass=\"sow-features-feature sow-icon-container-position-top\"\n\t\t\tstyle=\"display: flex; flex-direction: column; width: calc(25% - 25px);\"\n\t\t>\n\t\t\t\n\t\t\t\t\t\t<div\t\t\t\tclass=\"sow-icon-container sow-container-rounded-sticker\"\n\t\t\t\tstyle=\"color: #eeee22; \"\n\t\t\t\ttitle=\"Serveis de m\u00e0rqueting online\"\n\t\t\t\t\t\t\t>\n\t\t\t\t<span class=\"sow-icon-fontawesome sow-far\" data-sow-icon=\"&#xf2b5;\"\n\t\tstyle=\"font-size: 36px; color: #ffffff\" \n\t\taria-hidden=\"true\"><\/span>\t\t\t<\/div>\n\n\t\t\t<div class=\"textwidget\">\n\t\t\t\t\n\t\t\t\t\t\t\t\t\t<h5 class=\"sow-features-feature-title\">\n\t\t\t\t\t\tServeis de m\u00e0rqueting online\t\t\t\t\t<\/h5>\n\t\t\t\t\n\t\t\t\t\t\t\t\t\t<div class=\"sow-features-feature-text\">\n\t\t\t\t\t<p class=\"western\">Nosaltres i els nostres col\u00b7laboradors realitzem accions de posicionament web i optimitzaci\u00f3 per al posicionament a buscadors SEO, linkbuilding; campanyes de Google Adwords SEM, campanyes de Facebook ads i altres relacionades amb la publicitat online, a m\u00e9s a m\u00e9s del mesurament de resultats, amb an\u00e0lisis i estad\u00edstiques.<\/p>\n\t\t\t\t\t<\/div>\n\t\t\t\t\t\t\t\t<\/div>\n\t\t\t\t\t\t\t\t<\/li>\n\n\t\t\t<li\n\t\t\tclass=\"sow-features-feature sow-icon-container-position-top\"\n\t\t\tstyle=\"display: flex; flex-direction: column; width: calc(25% - 25px);\"\n\t\t>\n\t\t\t\n\t\t\t\t\t\t<div\t\t\t\tclass=\"sow-icon-container sow-container-rounded-sticker\"\n\t\t\t\tstyle=\"color: #eeee22; \"\n\t\t\t\ttitle=\"Newsletters i email marketing\"\n\t\t\t\t\t\t\t>\n\t\t\t\t<span class=\"sow-icon-fontawesome sow-fas\" data-sow-icon=\"&#xf0e0;\"\n\t\tstyle=\"font-size: 36px; color: #ffffff\" \n\t\taria-hidden=\"true\"><\/span>\t\t\t<\/div>\n\n\t\t\t<div class=\"textwidget\">\n\t\t\t\t\n\t\t\t\t\t\t\t\t\t<h5 class=\"sow-features-feature-title\">\n\t\t\t\t\t\tNewsletters i email marketing\t\t\t\t\t<\/h5>\n\t\t\t\t\n\t\t\t\t\t\t\t\t\t<div class=\"sow-features-feature-text\">\n\t\t\t\t\t<p class=\"western\">Creaci\u00f3, disseny i selecci\u00f3 de continguts, enviament i seguiment de newsletters i correus electr\u00f2nics per a empreses i professionals. Gesti\u00f3 de bases de dades, informes i an\u00e0lisis de resultats.<\/p>\n\t\t\t\t\t<\/div>\n\t\t\t\t\t\t\t\t<\/div>\n\t\t\t\t\t\t\t\t<\/li>\n\n\t\t\t<li\n\t\t\tclass=\"sow-features-feature sow-icon-container-position-top\"\n\t\t\tstyle=\"display: flex; flex-direction: column; width: calc(25% - 25px);\"\n\t\t>\n\t\t\t\n\t\t\t\t\t\t<div\t\t\t\tclass=\"sow-icon-container sow-container-rounded-sticker\"\n\t\t\t\tstyle=\"color: #eeee22; \"\n\t\t\t\ttitle=\"Gesti\u00f3 de xarxes socials\"\n\t\t\t\t\t\t\t>\n\t\t\t\t<span class=\"sow-icon-fontawesome sow-fas\" data-sow-icon=\"&#xf0c0;\"\n\t\tstyle=\"font-size: 36px; color: #ffffff\" \n\t\taria-hidden=\"true\"><\/span>\t\t\t<\/div>\n\n\t\t\t<div class=\"textwidget\">\n\t\t\t\t\n\t\t\t\t\t\t\t\t\t<h5 class=\"sow-features-feature-title\">\n\t\t\t\t\t\tGesti\u00f3 de xarxes socials\t\t\t\t\t<\/h5>\n\t\t\t\t\n\t\t\t\t\t\t\t\t\t<div class=\"sow-features-feature-text\">\n\t\t\t\t\t<p class=\"western\">Servei integral de xarxes socials, textos per a xarxes, disseny de calendaris per a xarxes socials, assessorament de social media (en quines xarxes s'ha de tenir pres\u00e8ncia), creaci\u00f3 d'anuncis, events i altres.<\/p>\n\t\t\t\t\t<\/div>\n\t\t\t\t\t\t\t\t<\/div>\n\t\t\t\t\t\t\t\t<\/li>\n\n\t<\/ul>\n<\/div><\/div><\/div><\/div><div id=\"pg-30946-4\"  class=\"panel-grid panel-has-style\" ><div class=\"panel-row-style panel-row-style-for-30946-4\" ><div id=\"pgc-30946-4-0\"  class=\"panel-grid-cell\" ><div id=\"panel-30946-4-0-0\" class=\"so-panel widget widget_sow-editor panel-first-child\" data-index=\"4\" ><div class=\"panel-widget-style panel-widget-style-for-30946-4-0-0\" ><div\n\t\t\t\n\t\t\tclass=\"so-widget-sow-editor so-widget-sow-editor-base\"\n\t\t\t\n\t\t>\n<div class=\"siteorigin-widget-tinymce textwidget\">\n\t<h4 class=\"western\" style=\"text-align: center;\">No saps com redactar els teus anuncis online per a vendre m\u00e9s? Necessites un millor posicionament?<\/h4>\n<\/div>\n<\/div><\/div><\/div><div id=\"panel-30946-4-0-1\" class=\"so-panel widget widget_sow-button panel-last-child\" data-index=\"5\" ><div\n\t\t\t\n\t\t\tclass=\"so-widget-sow-button so-widget-sow-button-atom-9191834b601b-30946\"\n\t\t\t\n\t\t><div class=\"ow-button-base ow-button-align-center\"\n>\n\t\t\t<a\n\t\t\t\t\thref=\"https:\/\/divisibles.com\/ca\/contacte\/\"\n\t\t\t\t\tclass=\"sowb-button ow-icon-placement-left ow-button-hover\" \t>\n\t\t<span>\n\t\t\t\n\t\t\tContacta amb nosaltres\t\t<\/span>\n\t\t\t<\/a>\n\t<\/div>\n<\/div><\/div><\/div><\/div><\/div><div id=\"pg-30946-5\"  class=\"panel-grid panel-no-style\" ><div id=\"pgc-30946-5-0\"  class=\"panel-grid-cell panel-grid-cell-empty\" ><\/div><\/div><\/div>","protected":false},"excerpt":{"rendered":"<p>Gesti\u00f3 de continguts i projectes de m\u00e0rqueting online Internet est\u00e0 quallat de continguts iguals, sense personalitat, amb errors ortogr\u00e0fics i [&hellip;]<\/p>\n","protected":false},"author":1,"featured_media":30596,"parent":0,"menu_order":0,"comment_status":"closed","ping_status":"closed","template":"page-templates\/pagebuilder.php","meta":{"rop_custom_images_group":[],"rop_custom_messages_group":[],"rop_publish_now":"initial","rop_publish_now_accounts":[],"rop_publish_now_history":[],"rop_publish_now_status":"pending","jetpack_post_was_ever_published":false,"footnotes":""},"class_list":["post-30946","page","type-page","status-publish","has-post-thumbnail","hentry"],"yoast_head":"<!-- This site is optimized with the Yoast SEO plugin v27.4 - https:\/\/yoast.com\/product\/yoast-seo-wordpress\/ -->\n<title>M\u00e0rqueting online - diVisibles<\/title>\n<meta name=\"robots\" content=\"index, follow, max-snippet:-1, max-image-preview:large, max-video-preview:-1\" \/>\n<link rel=\"canonical\" href=\"https:\/\/divisibles.com\/ca\/marqueting-online\/\" \/>\n<meta property=\"og:locale\" content=\"ca_ES\" \/>\n<meta property=\"og:type\" content=\"article\" \/>\n<meta property=\"og:title\" content=\"M\u00e0rqueting online - diVisibles\" \/>\n<meta property=\"og:description\" content=\"Gesti\u00f3 de continguts i projectes de m\u00e0rqueting online Internet est\u00e0 quallat de continguts iguals, sense personalitat, amb errors ortogr\u00e0fics i [&hellip;]\" \/>\n<meta property=\"og:url\" content=\"https:\/\/divisibles.com\/ca\/marqueting-online\/\" \/>\n<meta property=\"og:site_name\" content=\"diVisibles\" \/>\n<meta property=\"article:modified_time\" content=\"2020-11-05T22:09:53+00:00\" \/>\n<meta property=\"og:image\" content=\"https:\/\/divisibles.com\/ca\/wp-content\/uploads\/sites\/2\/2016\/03\/DSF4329.jpg\" \/>\n\t<meta property=\"og:image:width\" content=\"1170\" \/>\n\t<meta property=\"og:image:height\" content=\"400\" \/>\n\t<meta property=\"og:image:type\" content=\"image\/jpeg\" \/>\n<meta name=\"twitter:card\" content=\"summary_large_image\" \/>\n<meta name=\"twitter:label1\" content=\"Temps estimat de lectura\" \/>\n\t<meta name=\"twitter:data1\" content=\"1 minut\" \/>\n<script type=\"application\/ld+json\" class=\"yoast-schema-graph\">{\"@context\":\"https:\\\/\\\/schema.org\",\"@graph\":[{\"@type\":\"WebPage\",\"@id\":\"https:\\\/\\\/divisibles.com\\\/ca\\\/marqueting-online\\\/\",\"url\":\"https:\\\/\\\/divisibles.com\\\/ca\\\/marqueting-online\\\/\",\"name\":\"M\u00e0rqueting online - diVisibles\",\"isPartOf\":{\"@id\":\"https:\\\/\\\/divisibles.com\\\/ca\\\/#website\"},\"primaryImageOfPage\":{\"@id\":\"https:\\\/\\\/divisibles.com\\\/ca\\\/marqueting-online\\\/#primaryimage\"},\"image\":{\"@id\":\"https:\\\/\\\/divisibles.com\\\/ca\\\/marqueting-online\\\/#primaryimage\"},\"thumbnailUrl\":\"https:\\\/\\\/divisibles.com\\\/ca\\\/wp-content\\\/uploads\\\/sites\\\/2\\\/2016\\\/03\\\/DSF4329.jpg\",\"datePublished\":\"2017-08-31T22:12:55+00:00\",\"dateModified\":\"2020-11-05T22:09:53+00:00\",\"breadcrumb\":{\"@id\":\"https:\\\/\\\/divisibles.com\\\/ca\\\/marqueting-online\\\/#breadcrumb\"},\"inLanguage\":\"ca\",\"potentialAction\":[{\"@type\":\"ReadAction\",\"target\":[\"https:\\\/\\\/divisibles.com\\\/ca\\\/marqueting-online\\\/\"]}]},{\"@type\":\"ImageObject\",\"inLanguage\":\"ca\",\"@id\":\"https:\\\/\\\/divisibles.com\\\/ca\\\/marqueting-online\\\/#primaryimage\",\"url\":\"https:\\\/\\\/divisibles.com\\\/ca\\\/wp-content\\\/uploads\\\/sites\\\/2\\\/2016\\\/03\\\/DSF4329.jpg\",\"contentUrl\":\"https:\\\/\\\/divisibles.com\\\/ca\\\/wp-content\\\/uploads\\\/sites\\\/2\\\/2016\\\/03\\\/DSF4329.jpg\",\"width\":1170,\"height\":400},{\"@type\":\"BreadcrumbList\",\"@id\":\"https:\\\/\\\/divisibles.com\\\/ca\\\/marqueting-online\\\/#breadcrumb\",\"itemListElement\":[{\"@type\":\"ListItem\",\"position\":1,\"name\":\"Inici\",\"item\":\"https:\\\/\\\/divisibles.com\\\/ca\\\/\"},{\"@type\":\"ListItem\",\"position\":2,\"name\":\"M\u00e0rqueting online\"}]},{\"@type\":\"WebSite\",\"@id\":\"https:\\\/\\\/divisibles.com\\\/ca\\\/#website\",\"url\":\"https:\\\/\\\/divisibles.com\\\/ca\\\/\",\"name\":\"diVisibles\",\"description\":\"imatge + comunicaci\u00f3\",\"publisher\":{\"@id\":\"https:\\\/\\\/divisibles.com\\\/ca\\\/#organization\"},\"potentialAction\":[{\"@type\":\"SearchAction\",\"target\":{\"@type\":\"EntryPoint\",\"urlTemplate\":\"https:\\\/\\\/divisibles.com\\\/ca\\\/?s={search_term_string}\"},\"query-input\":{\"@type\":\"PropertyValueSpecification\",\"valueRequired\":true,\"valueName\":\"search_term_string\"}}],\"inLanguage\":\"ca\"},{\"@type\":\"Organization\",\"@id\":\"https:\\\/\\\/divisibles.com\\\/ca\\\/#organization\",\"name\":\"diVisibles\",\"url\":\"https:\\\/\\\/divisibles.com\\\/ca\\\/\",\"logo\":{\"@type\":\"ImageObject\",\"inLanguage\":\"ca\",\"@id\":\"https:\\\/\\\/divisibles.com\\\/ca\\\/#\\\/schema\\\/logo\\\/image\\\/\",\"url\":\"https:\\\/\\\/divisibles.com\\\/ca\\\/wp-content\\\/uploads\\\/sites\\\/2\\\/2018\\\/06\\\/logo_tagline_250x67_cat.png\",\"contentUrl\":\"https:\\\/\\\/divisibles.com\\\/ca\\\/wp-content\\\/uploads\\\/sites\\\/2\\\/2018\\\/06\\\/logo_tagline_250x67_cat.png\",\"width\":250,\"height\":67,\"caption\":\"diVisibles\"},\"image\":{\"@id\":\"https:\\\/\\\/divisibles.com\\\/ca\\\/#\\\/schema\\\/logo\\\/image\\\/\"}}]}<\/script>\n<!-- \/ Yoast SEO plugin. -->","yoast_head_json":{"title":"M\u00e0rqueting online - diVisibles","robots":{"index":"index","follow":"follow","max-snippet":"max-snippet:-1","max-image-preview":"max-image-preview:large","max-video-preview":"max-video-preview:-1"},"canonical":"https:\/\/divisibles.com\/ca\/marqueting-online\/","og_locale":"ca_ES","og_type":"article","og_title":"M\u00e0rqueting online - diVisibles","og_description":"Gesti\u00f3 de continguts i projectes de m\u00e0rqueting online Internet est\u00e0 quallat de continguts iguals, sense personalitat, amb errors ortogr\u00e0fics i [&hellip;]","og_url":"https:\/\/divisibles.com\/ca\/marqueting-online\/","og_site_name":"diVisibles","article_modified_time":"2020-11-05T22:09:53+00:00","og_image":[{"width":1170,"height":400,"url":"https:\/\/divisibles.com\/ca\/wp-content\/uploads\/sites\/2\/2016\/03\/DSF4329.jpg","type":"image\/jpeg"}],"twitter_card":"summary_large_image","twitter_misc":{"Temps estimat de lectura":"1 minut"},"schema":{"@context":"https:\/\/schema.org","@graph":[{"@type":"WebPage","@id":"https:\/\/divisibles.com\/ca\/marqueting-online\/","url":"https:\/\/divisibles.com\/ca\/marqueting-online\/","name":"M\u00e0rqueting online - diVisibles","isPartOf":{"@id":"https:\/\/divisibles.com\/ca\/#website"},"primaryImageOfPage":{"@id":"https:\/\/divisibles.com\/ca\/marqueting-online\/#primaryimage"},"image":{"@id":"https:\/\/divisibles.com\/ca\/marqueting-online\/#primaryimage"},"thumbnailUrl":"https:\/\/divisibles.com\/ca\/wp-content\/uploads\/sites\/2\/2016\/03\/DSF4329.jpg","datePublished":"2017-08-31T22:12:55+00:00","dateModified":"2020-11-05T22:09:53+00:00","breadcrumb":{"@id":"https:\/\/divisibles.com\/ca\/marqueting-online\/#breadcrumb"},"inLanguage":"ca","potentialAction":[{"@type":"ReadAction","target":["https:\/\/divisibles.com\/ca\/marqueting-online\/"]}]},{"@type":"ImageObject","inLanguage":"ca","@id":"https:\/\/divisibles.com\/ca\/marqueting-online\/#primaryimage","url":"https:\/\/divisibles.com\/ca\/wp-content\/uploads\/sites\/2\/2016\/03\/DSF4329.jpg","contentUrl":"https:\/\/divisibles.com\/ca\/wp-content\/uploads\/sites\/2\/2016\/03\/DSF4329.jpg","width":1170,"height":400},{"@type":"BreadcrumbList","@id":"https:\/\/divisibles.com\/ca\/marqueting-online\/#breadcrumb","itemListElement":[{"@type":"ListItem","position":1,"name":"Inici","item":"https:\/\/divisibles.com\/ca\/"},{"@type":"ListItem","position":2,"name":"M\u00e0rqueting online"}]},{"@type":"WebSite","@id":"https:\/\/divisibles.com\/ca\/#website","url":"https:\/\/divisibles.com\/ca\/","name":"diVisibles","description":"imatge + comunicaci\u00f3","publisher":{"@id":"https:\/\/divisibles.com\/ca\/#organization"},"potentialAction":[{"@type":"SearchAction","target":{"@type":"EntryPoint","urlTemplate":"https:\/\/divisibles.com\/ca\/?s={search_term_string}"},"query-input":{"@type":"PropertyValueSpecification","valueRequired":true,"valueName":"search_term_string"}}],"inLanguage":"ca"},{"@type":"Organization","@id":"https:\/\/divisibles.com\/ca\/#organization","name":"diVisibles","url":"https:\/\/divisibles.com\/ca\/","logo":{"@type":"ImageObject","inLanguage":"ca","@id":"https:\/\/divisibles.com\/ca\/#\/schema\/logo\/image\/","url":"https:\/\/divisibles.com\/ca\/wp-content\/uploads\/sites\/2\/2018\/06\/logo_tagline_250x67_cat.png","contentUrl":"https:\/\/divisibles.com\/ca\/wp-content\/uploads\/sites\/2\/2018\/06\/logo_tagline_250x67_cat.png","width":250,"height":67,"caption":"diVisibles"},"image":{"@id":"https:\/\/divisibles.com\/ca\/#\/schema\/logo\/image\/"}}]}},"jetpack_sharing_enabled":true,"jetpack_shortlink":"https:\/\/wp.me\/PcUwMi-838","_links":{"self":[{"href":"https:\/\/divisibles.com\/ca\/wp-json\/wp\/v2\/pages\/30946","targetHints":{"allow":["GET"]}}],"collection":[{"href":"https:\/\/divisibles.com\/ca\/wp-json\/wp\/v2\/pages"}],"about":[{"href":"https:\/\/divisibles.com\/ca\/wp-json\/wp\/v2\/types\/page"}],"author":[{"embeddable":true,"href":"https:\/\/divisibles.com\/ca\/wp-json\/wp\/v2\/users\/1"}],"replies":[{"embeddable":true,"href":"https:\/\/divisibles.com\/ca\/wp-json\/wp\/v2\/comments?post=30946"}],"version-history":[{"count":3,"href":"https:\/\/divisibles.com\/ca\/wp-json\/wp\/v2\/pages\/30946\/revisions"}],"predecessor-version":[{"id":31777,"href":"https:\/\/divisibles.com\/ca\/wp-json\/wp\/v2\/pages\/30946\/revisions\/31777"}],"wp:featuredmedia":[{"embeddable":true,"href":"https:\/\/divisibles.com\/ca\/wp-json\/wp\/v2\/media\/30596"}],"wp:attachment":[{"href":"https:\/\/divisibles.com\/ca\/wp-json\/wp\/v2\/media?parent=30946"}],"curies":[{"name":"wp","href":"https:\/\/api.w.org\/{rel}","templated":true}]}}