{"id":30963,"date":"2017-09-04T17:17:24","date_gmt":"2017-09-04T17:17:24","guid":{"rendered":"http:\/\/divisibles.com\/?page_id=30963"},"modified":"2020-11-06T11:15:04","modified_gmt":"2020-11-06T11:15:04","slug":"disseny","status":"publish","type":"page","link":"https:\/\/divisibles.com\/ca\/disseny\/","title":{"rendered":"Disseny"},"content":{"rendered":"<div id=\"pl-30963\"  class=\"panel-layout\" ><div id=\"pg-30963-0\"  class=\"panel-grid panel-no-style\" ><div id=\"pgc-30963-0-0\"  class=\"panel-grid-cell\" ><div id=\"panel-30963-0-0-0\" class=\"so-panel widget widget_sow-image panel-first-child panel-last-child\" data-index=\"0\" ><div\n\t\t\t\n\t\t\tclass=\"so-widget-sow-image so-widget-sow-image-default-8b5b6f678277-30963\"\n\t\t\t\n\t\t>\n<div class=\"sow-image-container\">\n\t\t<img \n\tsrc=\"https:\/\/divisibles.com\/ca\/wp-content\/uploads\/sites\/2\/2018\/03\/diseno.jpg\" width=\"1200\" height=\"100\" srcset=\"https:\/\/divisibles.com\/ca\/wp-content\/uploads\/sites\/2\/2018\/03\/diseno.jpg 1200w, https:\/\/divisibles.com\/ca\/wp-content\/uploads\/sites\/2\/2018\/03\/diseno-300x25.jpg 300w, https:\/\/divisibles.com\/ca\/wp-content\/uploads\/sites\/2\/2018\/03\/diseno-1024x85.jpg 1024w, https:\/\/divisibles.com\/ca\/wp-content\/uploads\/sites\/2\/2018\/03\/diseno-768x64.jpg 768w, https:\/\/divisibles.com\/ca\/wp-content\/uploads\/sites\/2\/2018\/03\/diseno-600x50.jpg 600w\" sizes=\"(max-width: 1200px) 100vw, 1200px\" alt=\"\" \t\tclass=\"so-widget-image\"\/>\n\t<\/div>\n\n<\/div><\/div><\/div><\/div><div id=\"pg-30963-1\"  class=\"panel-grid panel-has-style\" ><div class=\"siteorigin-panels-stretch panel-row-style panel-row-style-for-30963-1\" data-stretch-type=\"full\" ><div id=\"pgc-30963-1-0\"  class=\"panel-grid-cell\" ><div id=\"panel-30963-1-0-0\" class=\"so-panel widget widget_themegrill_flash_heading tg-widget section-title-wrapper panel-first-child panel-last-child\" data-index=\"1\" >\t<h3 class=\"section-title\">Donem forma a les teves idees per a dotar-les d&#039;utilitat, ordre i simplicitat<\/h3>\n<\/div><\/div><\/div><\/div><div id=\"pg-30963-2\"  class=\"panel-grid panel-no-style\" ><div id=\"pgc-30963-2-0\"  class=\"panel-grid-cell\" ><div id=\"panel-30963-2-0-0\" class=\"so-panel widget widget_sow-editor panel-first-child panel-last-child\" data-index=\"2\" ><div\n\t\t\t\n\t\t\tclass=\"so-widget-sow-editor so-widget-sow-editor-base\"\n\t\t\t\n\t\t>\n<div class=\"siteorigin-widget-tinymce textwidget\">\n\t<p class=\"western\">La comunicaci\u00f3 exigeix, a m\u00e9s d'un missatge potent, una forma adequada de transmetre'l, que proporcioni un impacte positiu alhora que facilita la comprensi\u00f3 del destinatari i la resposta desitjada. A\u00a0<strong>diVisibles<\/strong>\u00a0escoltem les teves idees, t'assessorem i creem l'aspecte i funci\u00f3 que necessitis per a cada circumst\u00e0ncia.<\/p>\n<\/div>\n<\/div><\/div><\/div><\/div><div id=\"pg-30963-3\"  class=\"panel-grid panel-no-style\" ><div id=\"pgc-30963-3-0\"  class=\"panel-grid-cell\" ><div id=\"panel-30963-3-0-0\" class=\"so-panel widget widget_sow-features panel-first-child panel-last-child\" data-index=\"3\" ><div\n\t\t\t\n\t\t\tclass=\"so-widget-sow-features so-widget-sow-features-default-64cdbe4106db-30963\"\n\t\t\t\n\t\t><ul\n\tclass=\"sow-features-list\n\tsow-features-responsive\">\n\n\t\t\t<li\n\t\t\tclass=\"sow-features-feature sow-icon-container-position-top\"\n\t\t\tstyle=\"display: flex; flex-direction: column; width: calc(33.333% - 25px);\"\n\t\t>\n\t\t\t\n\t\t\t\t\t\t<div\t\t\t\tclass=\"sow-icon-container sow-container-rounded-sticker\"\n\t\t\t\tstyle=\"color: #81d742; \"\n\t\t\t\ttitle=\"Disseny Web\"\n\t\t\t\t\t\t\t>\n\t\t\t\t<span class=\"sow-icon-fontawesome sow-fas\" data-sow-icon=\"&#xf121;\"\n\t\tstyle=\"font-size: 36px; color: #ffffff\" \n\t\taria-hidden=\"true\"><\/span>\t\t\t<\/div>\n\n\t\t\t<div class=\"textwidget\">\n\t\t\t\t\n\t\t\t\t\t\t\t\t\t<h5 class=\"sow-features-feature-title\">\n\t\t\t\t\t\tDisseny Web\t\t\t\t\t<\/h5>\n\t\t\t\t\n\t\t\t\t\t\t\t\t\t<div class=\"sow-features-feature-text\">\n\t\t\t\t\t<p class=\"western\">Creaci\u00f3, manteniment i redisseny de p\u00e0gines web, blogs, microsites i newsletters.<\/p>\n\t\t\t\t\t<\/div>\n\t\t\t\t\t\t\t\t<\/div>\n\t\t\t\t\t\t\t\t<\/li>\n\n\t\t\t<li\n\t\t\tclass=\"sow-features-feature sow-icon-container-position-top\"\n\t\t\tstyle=\"display: flex; flex-direction: column; width: calc(33.333% - 25px);\"\n\t\t>\n\t\t\t\n\t\t\t\t\t\t<div\t\t\t\tclass=\"sow-icon-container sow-container-rounded-sticker\"\n\t\t\t\tstyle=\"color: #81d742; \"\n\t\t\t\ttitle=\"Disseny gr\u00e0fic\"\n\t\t\t\t\t\t\t>\n\t\t\t\t\t\t\t<\/div>\n\n\t\t\t<div class=\"textwidget\">\n\t\t\t\t\n\t\t\t\t\t\t\t\t\t<h5 class=\"sow-features-feature-title\">\n\t\t\t\t\t\tDisseny gr\u00e0fic\t\t\t\t\t<\/h5>\n\t\t\t\t\n\t\t\t\t\t\t\t\t\t<div class=\"sow-features-feature-text\">\n\t\t\t\t\t<p>Creaci\u00f3 i desenvolupament de projectes d'imatge corporativa i branding. Disseny de cat\u00e0legs, fullets i material corporatiu.<\/p>\n\t\t\t\t\t<\/div>\n\t\t\t\t\t\t\t\t<\/div>\n\t\t\t\t\t\t\t\t<\/li>\n\n\t\t\t<li\n\t\t\tclass=\"sow-features-feature sow-icon-container-position-top\"\n\t\t\tstyle=\"display: flex; flex-direction: column; width: calc(33.333% - 25px);\"\n\t\t>\n\t\t\t\n\t\t\t\t\t\t<div\t\t\t\tclass=\"sow-icon-container sow-container-rounded-sticker\"\n\t\t\t\tstyle=\"color: #81d742; \"\n\t\t\t\ttitle=\"Disseny editorial\"\n\t\t\t\t\t\t\t>\n\t\t\t\t<span class=\"sow-icon-fontawesome sow-fas\" data-sow-icon=\"&#xf02d;\"\n\t\tstyle=\"font-size: 36px; color: #ffffff\" \n\t\taria-hidden=\"true\"><\/span>\t\t\t<\/div>\n\n\t\t\t<div class=\"textwidget\">\n\t\t\t\t\n\t\t\t\t\t\t\t\t\t<h5 class=\"sow-features-feature-title\">\n\t\t\t\t\t\tDisseny editorial\t\t\t\t\t<\/h5>\n\t\t\t\t\n\t\t\t\t\t\t\t\t\t<div class=\"sow-features-feature-text\">\n\t\t\t\t\t<p class=\"western\">Disseny, maquetaci\u00f3 i grafisme per a llibres, revistes i projectes online. Creaci\u00f3 i gesti\u00f3 de projectes editorials.<\/p>\n\t\t\t\t\t<\/div>\n\t\t\t\t\t\t\t\t<\/div>\n\t\t\t\t\t\t\t\t<\/li>\n\n\t<\/ul>\n<\/div><\/div><\/div><\/div><div id=\"pg-30963-4\"  class=\"panel-grid panel-has-style\" ><div class=\"panel-row-style panel-row-style-for-30963-4\" ><div id=\"pgc-30963-4-0\"  class=\"panel-grid-cell\" ><div id=\"panel-30963-4-0-0\" class=\"so-panel widget widget_sow-editor panel-first-child\" data-index=\"4\" ><div class=\"panel-widget-style panel-widget-style-for-30963-4-0-0\" ><div\n\t\t\t\n\t\t\tclass=\"so-widget-sow-editor so-widget-sow-editor-base\"\n\t\t\t\n\t\t>\n<div class=\"siteorigin-widget-tinymce textwidget\">\n\t<h4 class=\"western\" style=\"text-align: center;\">Descobreix qu\u00e8 podem fer per tu en disseny. Conjuguem idees, creativitat i imatge per elaborar el teu disseny a mida<\/h4>\n<\/div>\n<\/div><\/div><\/div><div id=\"panel-30963-4-0-1\" class=\"so-panel widget widget_sow-button panel-last-child\" data-index=\"5\" ><div\n\t\t\t\n\t\t\tclass=\"so-widget-sow-button so-widget-sow-button-atom-ddfc18db71d7-30963\"\n\t\t\t\n\t\t><div class=\"ow-button-base ow-button-align-center\"\n>\n\t\t\t<a\n\t\t\t\t\thref=\"https:\/\/divisibles.com\/ca\/contacte\/\"\n\t\t\t\t\tclass=\"sowb-button ow-icon-placement-left ow-button-hover\" \t>\n\t\t<span>\n\t\t\t\n\t\t\tVull un disseny personalitzat\t\t<\/span>\n\t\t\t<\/a>\n\t<\/div>\n<\/div><\/div><\/div><\/div><\/div><div id=\"pg-30963-5\"  class=\"panel-grid panel-no-style\" ><div id=\"pgc-30963-5-0\"  class=\"panel-grid-cell panel-grid-cell-empty\" ><\/div><\/div><\/div>","protected":false},"excerpt":{"rendered":"<p>Donem forma a les teves idees per a dotar-les d&#039;utilitat, ordre i simplicitat La comunicaci\u00f3 exigeix, a m\u00e9s d&#8217;un missatge [&hellip;]<\/p>\n","protected":false},"author":1,"featured_media":30596,"parent":0,"menu_order":0,"comment_status":"closed","ping_status":"closed","template":"page-templates\/pagebuilder.php","meta":{"rop_custom_images_group":[],"rop_custom_messages_group":[],"rop_publish_now":"initial","rop_publish_now_accounts":[],"rop_publish_now_history":[],"rop_publish_now_status":"pending","jetpack_post_was_ever_published":false,"footnotes":""},"class_list":["post-30963","page","type-page","status-publish","has-post-thumbnail","hentry"],"yoast_head":"<!-- This site is optimized with the Yoast SEO plugin v27.4 - https:\/\/yoast.com\/product\/yoast-seo-wordpress\/ -->\n<title>Disseny - diVisibles<\/title>\n<meta name=\"robots\" content=\"index, follow, max-snippet:-1, max-image-preview:large, max-video-preview:-1\" \/>\n<link rel=\"canonical\" href=\"https:\/\/divisibles.com\/ca\/disseny\/\" \/>\n<meta property=\"og:locale\" content=\"ca_ES\" \/>\n<meta property=\"og:type\" content=\"article\" \/>\n<meta property=\"og:title\" content=\"Disseny - diVisibles\" \/>\n<meta property=\"og:description\" content=\"Donem forma a les teves idees per a dotar-les d&#039;utilitat, ordre i simplicitat La comunicaci\u00f3 exigeix, a m\u00e9s d&#039;un missatge [&hellip;]\" \/>\n<meta property=\"og:url\" content=\"https:\/\/divisibles.com\/ca\/disseny\/\" \/>\n<meta property=\"og:site_name\" content=\"diVisibles\" \/>\n<meta property=\"article:modified_time\" content=\"2020-11-06T11:15:04+00:00\" \/>\n<meta property=\"og:image\" content=\"https:\/\/divisibles.com\/ca\/wp-content\/uploads\/sites\/2\/2016\/03\/DSF4329.jpg\" \/>\n\t<meta property=\"og:image:width\" content=\"1170\" \/>\n\t<meta property=\"og:image:height\" content=\"400\" \/>\n\t<meta property=\"og:image:type\" content=\"image\/jpeg\" \/>\n<meta name=\"twitter:card\" content=\"summary_large_image\" \/>\n<meta name=\"twitter:label1\" content=\"Temps estimat de lectura\" \/>\n\t<meta name=\"twitter:data1\" content=\"1 minut\" \/>\n<script type=\"application\/ld+json\" class=\"yoast-schema-graph\">{\"@context\":\"https:\\\/\\\/schema.org\",\"@graph\":[{\"@type\":\"WebPage\",\"@id\":\"https:\\\/\\\/divisibles.com\\\/ca\\\/disseny\\\/\",\"url\":\"https:\\\/\\\/divisibles.com\\\/ca\\\/disseny\\\/\",\"name\":\"Disseny - diVisibles\",\"isPartOf\":{\"@id\":\"https:\\\/\\\/divisibles.com\\\/ca\\\/#website\"},\"primaryImageOfPage\":{\"@id\":\"https:\\\/\\\/divisibles.com\\\/ca\\\/disseny\\\/#primaryimage\"},\"image\":{\"@id\":\"https:\\\/\\\/divisibles.com\\\/ca\\\/disseny\\\/#primaryimage\"},\"thumbnailUrl\":\"https:\\\/\\\/divisibles.com\\\/ca\\\/wp-content\\\/uploads\\\/sites\\\/2\\\/2016\\\/03\\\/DSF4329.jpg\",\"datePublished\":\"2017-09-04T17:17:24+00:00\",\"dateModified\":\"2020-11-06T11:15:04+00:00\",\"breadcrumb\":{\"@id\":\"https:\\\/\\\/divisibles.com\\\/ca\\\/disseny\\\/#breadcrumb\"},\"inLanguage\":\"ca\",\"potentialAction\":[{\"@type\":\"ReadAction\",\"target\":[\"https:\\\/\\\/divisibles.com\\\/ca\\\/disseny\\\/\"]}]},{\"@type\":\"ImageObject\",\"inLanguage\":\"ca\",\"@id\":\"https:\\\/\\\/divisibles.com\\\/ca\\\/disseny\\\/#primaryimage\",\"url\":\"https:\\\/\\\/divisibles.com\\\/ca\\\/wp-content\\\/uploads\\\/sites\\\/2\\\/2016\\\/03\\\/DSF4329.jpg\",\"contentUrl\":\"https:\\\/\\\/divisibles.com\\\/ca\\\/wp-content\\\/uploads\\\/sites\\\/2\\\/2016\\\/03\\\/DSF4329.jpg\",\"width\":1170,\"height\":400},{\"@type\":\"BreadcrumbList\",\"@id\":\"https:\\\/\\\/divisibles.com\\\/ca\\\/disseny\\\/#breadcrumb\",\"itemListElement\":[{\"@type\":\"ListItem\",\"position\":1,\"name\":\"Inici\",\"item\":\"https:\\\/\\\/divisibles.com\\\/ca\\\/\"},{\"@type\":\"ListItem\",\"position\":2,\"name\":\"Disseny\"}]},{\"@type\":\"WebSite\",\"@id\":\"https:\\\/\\\/divisibles.com\\\/ca\\\/#website\",\"url\":\"https:\\\/\\\/divisibles.com\\\/ca\\\/\",\"name\":\"diVisibles\",\"description\":\"imatge + comunicaci\u00f3\",\"publisher\":{\"@id\":\"https:\\\/\\\/divisibles.com\\\/ca\\\/#organization\"},\"potentialAction\":[{\"@type\":\"SearchAction\",\"target\":{\"@type\":\"EntryPoint\",\"urlTemplate\":\"https:\\\/\\\/divisibles.com\\\/ca\\\/?s={search_term_string}\"},\"query-input\":{\"@type\":\"PropertyValueSpecification\",\"valueRequired\":true,\"valueName\":\"search_term_string\"}}],\"inLanguage\":\"ca\"},{\"@type\":\"Organization\",\"@id\":\"https:\\\/\\\/divisibles.com\\\/ca\\\/#organization\",\"name\":\"diVisibles\",\"url\":\"https:\\\/\\\/divisibles.com\\\/ca\\\/\",\"logo\":{\"@type\":\"ImageObject\",\"inLanguage\":\"ca\",\"@id\":\"https:\\\/\\\/divisibles.com\\\/ca\\\/#\\\/schema\\\/logo\\\/image\\\/\",\"url\":\"https:\\\/\\\/divisibles.com\\\/ca\\\/wp-content\\\/uploads\\\/sites\\\/2\\\/2018\\\/06\\\/logo_tagline_250x67_cat.png\",\"contentUrl\":\"https:\\\/\\\/divisibles.com\\\/ca\\\/wp-content\\\/uploads\\\/sites\\\/2\\\/2018\\\/06\\\/logo_tagline_250x67_cat.png\",\"width\":250,\"height\":67,\"caption\":\"diVisibles\"},\"image\":{\"@id\":\"https:\\\/\\\/divisibles.com\\\/ca\\\/#\\\/schema\\\/logo\\\/image\\\/\"}}]}<\/script>\n<!-- \/ Yoast SEO plugin. -->","yoast_head_json":{"title":"Disseny - diVisibles","robots":{"index":"index","follow":"follow","max-snippet":"max-snippet:-1","max-image-preview":"max-image-preview:large","max-video-preview":"max-video-preview:-1"},"canonical":"https:\/\/divisibles.com\/ca\/disseny\/","og_locale":"ca_ES","og_type":"article","og_title":"Disseny - diVisibles","og_description":"Donem forma a les teves idees per a dotar-les d&#039;utilitat, ordre i simplicitat La comunicaci\u00f3 exigeix, a m\u00e9s d'un missatge [&hellip;]","og_url":"https:\/\/divisibles.com\/ca\/disseny\/","og_site_name":"diVisibles","article_modified_time":"2020-11-06T11:15:04+00:00","og_image":[{"width":1170,"height":400,"url":"https:\/\/divisibles.com\/ca\/wp-content\/uploads\/sites\/2\/2016\/03\/DSF4329.jpg","type":"image\/jpeg"}],"twitter_card":"summary_large_image","twitter_misc":{"Temps estimat de lectura":"1 minut"},"schema":{"@context":"https:\/\/schema.org","@graph":[{"@type":"WebPage","@id":"https:\/\/divisibles.com\/ca\/disseny\/","url":"https:\/\/divisibles.com\/ca\/disseny\/","name":"Disseny - diVisibles","isPartOf":{"@id":"https:\/\/divisibles.com\/ca\/#website"},"primaryImageOfPage":{"@id":"https:\/\/divisibles.com\/ca\/disseny\/#primaryimage"},"image":{"@id":"https:\/\/divisibles.com\/ca\/disseny\/#primaryimage"},"thumbnailUrl":"https:\/\/divisibles.com\/ca\/wp-content\/uploads\/sites\/2\/2016\/03\/DSF4329.jpg","datePublished":"2017-09-04T17:17:24+00:00","dateModified":"2020-11-06T11:15:04+00:00","breadcrumb":{"@id":"https:\/\/divisibles.com\/ca\/disseny\/#breadcrumb"},"inLanguage":"ca","potentialAction":[{"@type":"ReadAction","target":["https:\/\/divisibles.com\/ca\/disseny\/"]}]},{"@type":"ImageObject","inLanguage":"ca","@id":"https:\/\/divisibles.com\/ca\/disseny\/#primaryimage","url":"https:\/\/divisibles.com\/ca\/wp-content\/uploads\/sites\/2\/2016\/03\/DSF4329.jpg","contentUrl":"https:\/\/divisibles.com\/ca\/wp-content\/uploads\/sites\/2\/2016\/03\/DSF4329.jpg","width":1170,"height":400},{"@type":"BreadcrumbList","@id":"https:\/\/divisibles.com\/ca\/disseny\/#breadcrumb","itemListElement":[{"@type":"ListItem","position":1,"name":"Inici","item":"https:\/\/divisibles.com\/ca\/"},{"@type":"ListItem","position":2,"name":"Disseny"}]},{"@type":"WebSite","@id":"https:\/\/divisibles.com\/ca\/#website","url":"https:\/\/divisibles.com\/ca\/","name":"diVisibles","description":"imatge + comunicaci\u00f3","publisher":{"@id":"https:\/\/divisibles.com\/ca\/#organization"},"potentialAction":[{"@type":"SearchAction","target":{"@type":"EntryPoint","urlTemplate":"https:\/\/divisibles.com\/ca\/?s={search_term_string}"},"query-input":{"@type":"PropertyValueSpecification","valueRequired":true,"valueName":"search_term_string"}}],"inLanguage":"ca"},{"@type":"Organization","@id":"https:\/\/divisibles.com\/ca\/#organization","name":"diVisibles","url":"https:\/\/divisibles.com\/ca\/","logo":{"@type":"ImageObject","inLanguage":"ca","@id":"https:\/\/divisibles.com\/ca\/#\/schema\/logo\/image\/","url":"https:\/\/divisibles.com\/ca\/wp-content\/uploads\/sites\/2\/2018\/06\/logo_tagline_250x67_cat.png","contentUrl":"https:\/\/divisibles.com\/ca\/wp-content\/uploads\/sites\/2\/2018\/06\/logo_tagline_250x67_cat.png","width":250,"height":67,"caption":"diVisibles"},"image":{"@id":"https:\/\/divisibles.com\/ca\/#\/schema\/logo\/image\/"}}]}},"jetpack_sharing_enabled":true,"jetpack_shortlink":"https:\/\/wp.me\/PcUwMi-83p","_links":{"self":[{"href":"https:\/\/divisibles.com\/ca\/wp-json\/wp\/v2\/pages\/30963","targetHints":{"allow":["GET"]}}],"collection":[{"href":"https:\/\/divisibles.com\/ca\/wp-json\/wp\/v2\/pages"}],"about":[{"href":"https:\/\/divisibles.com\/ca\/wp-json\/wp\/v2\/types\/page"}],"author":[{"embeddable":true,"href":"https:\/\/divisibles.com\/ca\/wp-json\/wp\/v2\/users\/1"}],"replies":[{"embeddable":true,"href":"https:\/\/divisibles.com\/ca\/wp-json\/wp\/v2\/comments?post=30963"}],"version-history":[{"count":4,"href":"https:\/\/divisibles.com\/ca\/wp-json\/wp\/v2\/pages\/30963\/revisions"}],"predecessor-version":[{"id":31792,"href":"https:\/\/divisibles.com\/ca\/wp-json\/wp\/v2\/pages\/30963\/revisions\/31792"}],"wp:featuredmedia":[{"embeddable":true,"href":"https:\/\/divisibles.com\/ca\/wp-json\/wp\/v2\/media\/30596"}],"wp:attachment":[{"href":"https:\/\/divisibles.com\/ca\/wp-json\/wp\/v2\/media?parent=30963"}],"curies":[{"name":"wp","href":"https:\/\/api.w.org\/{rel}","templated":true}]}}