{"id":31695,"date":"2015-09-29T20:46:07","date_gmt":"2015-09-29T20:46:07","guid":{"rendered":"http:\/\/divisibles.com\/?page_id=21"},"modified":"2020-11-04T18:33:51","modified_gmt":"2020-11-04T18:33:51","slug":"qui-som","status":"publish","type":"page","link":"https:\/\/divisibles.com\/ca\/qui-som\/","title":{"rendered":"Qui som"},"content":{"rendered":"<div id=\"pl-31695\"  class=\"panel-layout\" ><div id=\"pg-31695-0\"  class=\"panel-grid panel-no-style\" ><div id=\"pgc-31695-0-0\"  class=\"panel-grid-cell\" ><div id=\"panel-31695-0-0-0\" class=\"so-panel widget widget_themegrill_flash_heading tg-widget section-title-wrapper panel-first-child panel-last-child\" data-index=\"0\" >\t<h3 class=\"section-title\">Professionals experts en periodisme, comunicaci\u00f3 i imatge a Barcelona<\/h3>\n<\/div><\/div><\/div><div id=\"pg-31695-1\"  class=\"panel-grid panel-no-style\" ><div id=\"pgc-31695-1-0\"  class=\"panel-grid-cell\" ><div id=\"panel-31695-1-0-0\" class=\"so-panel widget widget_sow-editor panel-first-child panel-last-child\" data-index=\"1\" ><div\n\t\t\t\n\t\t\tclass=\"so-widget-sow-editor so-widget-sow-editor-base\"\n\t\t\t\n\t\t>\n<div class=\"siteorigin-widget-tinymce textwidget\">\n\t<p class=\"western\">No som una ag\u00e8ncia de comunicaci\u00f3: a difer\u00e8ncia de les grans ag\u00e8ncies, som un redu\u00eft <strong>equip de professionals independents, freelance<\/strong>, que ofereix serveis personalitzats i a mida de cada client.<\/p>\n<p><strong>\u00bfPer qu\u00e8 diVisibles?<\/strong> Perqu\u00e8 separats actuem de maravella; i junts, molt millor.<\/p>\n<p class=\"western\">Amb 18 anys d'experi\u00e8ncia, els nostres serveis estan dirigits a pimes, mitjans de comunicaci\u00f3, particulars, ag\u00e8ncies i professionales que requereixen suport en <strong>comunicaci\u00f3, imatge, m\u00e0rqueting digital i continguts off i online<\/strong>. Tamb\u00e9 assessorem en la implementaci\u00f3 de projectes globals i per estar al dia de les tend\u00e8ncies del mercat, amb ajuda i formaci\u00f3.<\/p>\n<p class=\"western\">Fa 10 anys que som freelance, avan\u00e7ant-nos al nostre temps i a les maneres de treballar actuals i futures (per projectes i processos). Estem acostumats a treballar sota pressi\u00f3, per lliuraments immediats i\/o d'urg\u00e8ncia. Oferim <a href=\"http:\/\/divisibles.com\/ca\/redaccio-i-edicio\/\"><strong>redacci\u00f3 i edici\u00f3<\/strong><\/a>; <a href=\"http:\/\/divisibles.com\/ca\/comunicacio\/\"><strong>comunicaci\u00f3 integral<\/strong><\/a>, <strong><a href=\"http:\/\/divisibles.com\/ca\/marqueting-online\/\">m\u00e0rqueting online<\/a><\/strong>, <a href=\"http:\/\/divisibles.com\/ca\/fotografia-i-video\/\"><strong>fotografia i v\u00eddeo<\/strong><\/a>; i <strong><a href=\"http:\/\/divisibles.com\/ca\/disseny\/\">disseny<\/a><\/strong>.<\/p>\n<p class=\"western\">Per a un projecte integral, parcial, intensiu, continuat en el temps, per hores, per puntes de treball... ens adaptem a les teves necessitats. Transforma els teus texts i imatges, destaca i comen\u00e7a a vendre! Mira alguns dels nostres <strong><a href=\"http:\/\/divisibles.com\/ca\/projectes\/\">projectes<\/a><\/strong>.<\/p>\n<p><strong>Ets freelance?<\/strong> Constantment necessitem professionals independents per als nostres projectes. Escriu-nos a <a href=\"mailto:info@divisibles.com\" target=\"_blank\" rel=\"noopener noreferrer\"><strong>info@divisibles.com<\/strong><\/a> o omple el nostre <strong><a href=\"http:\/\/divisibles.com\/ca\/contacte\/\" target=\"_blank\" rel=\"noopener noreferrer\">formulari de contacte<\/a><\/strong>.<\/p>\n<\/div>\n<\/div><\/div><\/div><\/div><div id=\"pg-31695-2\"  class=\"panel-grid panel-no-style\" ><div id=\"pgc-31695-2-0\"  class=\"panel-grid-cell panel-grid-cell-empty\" ><\/div><div id=\"pgc-31695-2-1\"  class=\"panel-grid-cell\" ><div id=\"panel-31695-2-1-0\" class=\"so-panel widget widget_themegrill_flash_team tg-widget tg-single-team panel-first-child panel-last-child\" data-index=\"2\" ><div class=\"tg-team-widget tg-team-layout-1\">\n\t<div class=\"team-wrapper\">\n\t\t\t\t<div class=\"team-img\">\n\t\t\t\t\t\t<img decoding=\"async\" src=\"http:\/\/divisibles.com\/wp-content\/uploads\/2017\/01\/marta_burgues.jpg\" alt=\"Marta Burgu\u00e9s\"\/>\n\t\t<\/div>\n\t\t\t\t<div class=\"team-content-wrapper\">\n\t\t\t<div class=\"team-desc-wrapper\">\n\t\t\t\t<h3 class=\"team-title\">Marta Burgu\u00e9s<\/h3>\n\t\t\t\t<div class=\"team-designation\">Periodista<\/div>\n\t\t\t\t<div class=\"team-content\"><strong>Marta Burgu\u00e9s<\/strong>, nascuda el 1975 a Barcelona, \u00e9s Llicenciada en Ci\u00e8ncies de la Informaci\u00f3 (especialitat en Periodisme) per la Universitat Ramon Llull de Barcelona. Amb 18 anys d'experi\u00e8ncia professional com a redactora, cap de redacci\u00f3 i de projectes de diferents mitjanss, tant impresos com digitals, ha tocat gran varietat de temes, centrant-se m\u00e9s en les \u00e0rees de lleure i gastronomia. Tamb\u00e9 destaca la seva traject\u00f2ria com a col\u00b7laboradora en la redacci\u00f3 d'importants diaris i revistes nacionals. <a href=\"http:\/\/www.divisibles.com\/ca\/marta-burgues\">Llegir m\u00e9s<\/a><\/div>\n\t\t\t\t\t\t\t\t<div class=\"team-social\">\n\t\t\t\t\t<div class=\"team-social-block\">\n\t\t\t\t\t\t\t\t\t\t\t\t<a href=\"https:\/\/www.facebook.com\/profile.php?id=701437504&#038;ref=br_rs\"><i class=\"fa fa-facebook\"><\/i><\/a>\n\t\t\t\t\t\t\t\t\t\t\t\t\t\t\t\t\t\t<a href=\"https:\/\/twitter.com\/martaburgues\"><i class=\"fa fa-twitter\"><\/i><\/a>\n\t\t\t\t\t\t\t\t\t\t\t\t\t\t\t\t\t\t<a href=\"https:\/\/www.linkedin.com\/in\/martaburgues\/\"><i class=\"fa fa-linkedin\"><\/i><\/a>\n\t\t\t\t\t\t\t\t\t\t\t<\/div>\n\t\t\t\t<\/div>\n\t\t\t\t\t\t<\/div>\n\t\t<\/div>\n\t<\/div>\n<\/div>\n<\/div><\/div><div id=\"pgc-31695-2-2\"  class=\"panel-grid-cell panel-grid-cell-mobile-last\" ><div id=\"panel-31695-2-2-0\" class=\"so-panel widget widget_themegrill_flash_team tg-widget tg-single-team panel-first-child panel-last-child\" data-index=\"3\" ><div class=\"tg-team-widget tg-team-layout-1\">\n\t<div class=\"team-wrapper\">\n\t\t\t\t<div class=\"team-img\">\n\t\t\t\t\t\t<img decoding=\"async\" src=\"http:\/\/divisibles.com\/wp-content\/uploads\/2017\/01\/Guillermo-Perez-5138b.jpg\" alt=\"Guillermo P\u00e9rez\"\/>\n\t\t<\/div>\n\t\t\t\t<div class=\"team-content-wrapper\">\n\t\t\t<div class=\"team-desc-wrapper\">\n\t\t\t\t<h3 class=\"team-title\">Guillermo P\u00e9rez<\/h3>\n\t\t\t\t<div class=\"team-designation\">Fot\u00f2graf<\/div>\n\t\t\t\t<div class=\"team-content\">Nascut a Barcelona el 1974, <strong>Guillermo P\u00e9rez<\/strong> compagina la seva activitat com a fot\u00f2graf amb la realitzaci\u00f3 de v\u00eddeo i el disseny gr\u00e0fic, editorial i web. Diplomat en Ci\u00e8ncies Empresarials per la Universitat de Barcelona, t\u00e9 experi\u00e8ncia en coordinaci\u00f3 i producci\u00f3 de publicacions peri\u00f2diques, gesti\u00f3 de continguts i manteniment de mitjans digitals, fotografia editorial, retrat i fotografia d'arquitectura i interiors. <a href=\"http:\/\/www.divisibles.com\/ca\/guillermo-perez\">Llegir m\u00e9s<\/a><\/div>\n\t\t\t\t\t\t\t\t<div class=\"team-social\">\n\t\t\t\t\t<div class=\"team-social-block\">\n\t\t\t\t\t\t\t\t\t\t\t\t<a href=\"https:\/\/www.facebook.com\/breezerburn?ref=bookmarks\"><i class=\"fa fa-facebook\"><\/i><\/a>\n\t\t\t\t\t\t\t\t\t\t\t\t\t\t\t\t\t\t<a href=\"https:\/\/twitter.com\/breezerburn\"><i class=\"fa fa-twitter\"><\/i><\/a>\n\t\t\t\t\t\t\t\t\t\t\t\t\t\t\t\t\t\t<a href=\"https:\/\/www.linkedin.com\/in\/guillermoperezgarcia\/\"><i class=\"fa fa-linkedin\"><\/i><\/a>\n\t\t\t\t\t\t\t\t\t\t\t<\/div>\n\t\t\t\t<\/div>\n\t\t\t\t\t\t<\/div>\n\t\t<\/div>\n\t<\/div>\n<\/div>\n<\/div><\/div><div id=\"pgc-31695-2-3\"  class=\"panel-grid-cell panel-grid-cell-empty\" ><\/div><\/div><\/div>","protected":false},"excerpt":{"rendered":"<p>No som una ag\u00e8ncia de comunicaci\u00f3: a difer\u00e8ncia de les grans ag\u00e8ncies, som un redu\u00eft equip de professionals independents, freelance, [&hellip;]<\/p>\n","protected":false},"author":1,"featured_media":30595,"parent":0,"menu_order":0,"comment_status":"closed","ping_status":"closed","template":"","meta":{"rop_custom_images_group":[],"rop_custom_messages_group":[],"rop_publish_now":"initial","rop_publish_now_accounts":[],"rop_publish_now_history":[],"rop_publish_now_status":"pending","jetpack_post_was_ever_published":false,"footnotes":""},"class_list":["post-31695","page","type-page","status-publish","has-post-thumbnail","hentry"],"yoast_head":"<!-- This site is optimized with the Yoast SEO plugin v27.3 - https:\/\/yoast.com\/product\/yoast-seo-wordpress\/ -->\n<title>Qui som - diVisibles<\/title>\n<meta name=\"robots\" content=\"index, follow, max-snippet:-1, max-image-preview:large, max-video-preview:-1\" \/>\n<link rel=\"canonical\" href=\"https:\/\/divisibles.com\/ca\/qui-som\/\" \/>\n<meta property=\"og:locale\" content=\"ca_ES\" \/>\n<meta property=\"og:type\" content=\"article\" \/>\n<meta property=\"og:title\" content=\"Qui som - diVisibles\" \/>\n<meta property=\"og:description\" content=\"No som una ag\u00e8ncia de comunicaci\u00f3: a difer\u00e8ncia de les grans ag\u00e8ncies, som un redu\u00eft equip de professionals independents, freelance, [&hellip;]\" \/>\n<meta property=\"og:url\" content=\"https:\/\/divisibles.com\/ca\/qui-som\/\" \/>\n<meta property=\"og:site_name\" content=\"diVisibles\" \/>\n<meta property=\"article:modified_time\" content=\"2020-11-04T18:33:51+00:00\" \/>\n<meta property=\"og:image\" content=\"https:\/\/divisibles.com\/ca\/wp-content\/uploads\/sites\/2\/2016\/03\/DSF4326.jpg\" \/>\n\t<meta property=\"og:image:width\" content=\"1170\" \/>\n\t<meta property=\"og:image:height\" content=\"400\" \/>\n\t<meta property=\"og:image:type\" content=\"image\/jpeg\" \/>\n<meta name=\"twitter:card\" content=\"summary_large_image\" \/>\n<meta name=\"twitter:label1\" content=\"Temps estimat de lectura\" \/>\n\t<meta name=\"twitter:data1\" content=\"1 minut\" \/>\n<script type=\"application\/ld+json\" class=\"yoast-schema-graph\">{\"@context\":\"https:\\\/\\\/schema.org\",\"@graph\":[{\"@type\":\"WebPage\",\"@id\":\"https:\\\/\\\/divisibles.com\\\/ca\\\/qui-som\\\/\",\"url\":\"https:\\\/\\\/divisibles.com\\\/ca\\\/qui-som\\\/\",\"name\":\"Qui som - diVisibles\",\"isPartOf\":{\"@id\":\"https:\\\/\\\/divisibles.com\\\/ca\\\/#website\"},\"primaryImageOfPage\":{\"@id\":\"https:\\\/\\\/divisibles.com\\\/ca\\\/qui-som\\\/#primaryimage\"},\"image\":{\"@id\":\"https:\\\/\\\/divisibles.com\\\/ca\\\/qui-som\\\/#primaryimage\"},\"thumbnailUrl\":\"https:\\\/\\\/divisibles.com\\\/ca\\\/wp-content\\\/uploads\\\/sites\\\/2\\\/2016\\\/03\\\/DSF4326.jpg\",\"datePublished\":\"2015-09-29T20:46:07+00:00\",\"dateModified\":\"2020-11-04T18:33:51+00:00\",\"breadcrumb\":{\"@id\":\"https:\\\/\\\/divisibles.com\\\/ca\\\/qui-som\\\/#breadcrumb\"},\"inLanguage\":\"ca\",\"potentialAction\":[{\"@type\":\"ReadAction\",\"target\":[\"https:\\\/\\\/divisibles.com\\\/ca\\\/qui-som\\\/\"]}]},{\"@type\":\"ImageObject\",\"inLanguage\":\"ca\",\"@id\":\"https:\\\/\\\/divisibles.com\\\/ca\\\/qui-som\\\/#primaryimage\",\"url\":\"https:\\\/\\\/divisibles.com\\\/ca\\\/wp-content\\\/uploads\\\/sites\\\/2\\\/2016\\\/03\\\/DSF4326.jpg\",\"contentUrl\":\"https:\\\/\\\/divisibles.com\\\/ca\\\/wp-content\\\/uploads\\\/sites\\\/2\\\/2016\\\/03\\\/DSF4326.jpg\",\"width\":1170,\"height\":400},{\"@type\":\"BreadcrumbList\",\"@id\":\"https:\\\/\\\/divisibles.com\\\/ca\\\/qui-som\\\/#breadcrumb\",\"itemListElement\":[{\"@type\":\"ListItem\",\"position\":1,\"name\":\"Inici\",\"item\":\"https:\\\/\\\/divisibles.com\\\/ca\\\/\"},{\"@type\":\"ListItem\",\"position\":2,\"name\":\"Qui som\"}]},{\"@type\":\"WebSite\",\"@id\":\"https:\\\/\\\/divisibles.com\\\/ca\\\/#website\",\"url\":\"https:\\\/\\\/divisibles.com\\\/ca\\\/\",\"name\":\"diVisibles\",\"description\":\"imatge + comunicaci\u00f3\",\"publisher\":{\"@id\":\"https:\\\/\\\/divisibles.com\\\/ca\\\/#organization\"},\"potentialAction\":[{\"@type\":\"SearchAction\",\"target\":{\"@type\":\"EntryPoint\",\"urlTemplate\":\"https:\\\/\\\/divisibles.com\\\/ca\\\/?s={search_term_string}\"},\"query-input\":{\"@type\":\"PropertyValueSpecification\",\"valueRequired\":true,\"valueName\":\"search_term_string\"}}],\"inLanguage\":\"ca\"},{\"@type\":\"Organization\",\"@id\":\"https:\\\/\\\/divisibles.com\\\/ca\\\/#organization\",\"name\":\"diVisibles\",\"url\":\"https:\\\/\\\/divisibles.com\\\/ca\\\/\",\"logo\":{\"@type\":\"ImageObject\",\"inLanguage\":\"ca\",\"@id\":\"https:\\\/\\\/divisibles.com\\\/ca\\\/#\\\/schema\\\/logo\\\/image\\\/\",\"url\":\"https:\\\/\\\/divisibles.com\\\/ca\\\/wp-content\\\/uploads\\\/sites\\\/2\\\/2018\\\/06\\\/logo_tagline_250x67_cat.png\",\"contentUrl\":\"https:\\\/\\\/divisibles.com\\\/ca\\\/wp-content\\\/uploads\\\/sites\\\/2\\\/2018\\\/06\\\/logo_tagline_250x67_cat.png\",\"width\":250,\"height\":67,\"caption\":\"diVisibles\"},\"image\":{\"@id\":\"https:\\\/\\\/divisibles.com\\\/ca\\\/#\\\/schema\\\/logo\\\/image\\\/\"}}]}<\/script>\n<!-- \/ Yoast SEO plugin. -->","yoast_head_json":{"title":"Qui som - diVisibles","robots":{"index":"index","follow":"follow","max-snippet":"max-snippet:-1","max-image-preview":"max-image-preview:large","max-video-preview":"max-video-preview:-1"},"canonical":"https:\/\/divisibles.com\/ca\/qui-som\/","og_locale":"ca_ES","og_type":"article","og_title":"Qui som - diVisibles","og_description":"No som una ag\u00e8ncia de comunicaci\u00f3: a difer\u00e8ncia de les grans ag\u00e8ncies, som un redu\u00eft equip de professionals independents, freelance, [&hellip;]","og_url":"https:\/\/divisibles.com\/ca\/qui-som\/","og_site_name":"diVisibles","article_modified_time":"2020-11-04T18:33:51+00:00","og_image":[{"width":1170,"height":400,"url":"https:\/\/divisibles.com\/ca\/wp-content\/uploads\/sites\/2\/2016\/03\/DSF4326.jpg","type":"image\/jpeg"}],"twitter_card":"summary_large_image","twitter_misc":{"Temps estimat de lectura":"1 minut"},"schema":{"@context":"https:\/\/schema.org","@graph":[{"@type":"WebPage","@id":"https:\/\/divisibles.com\/ca\/qui-som\/","url":"https:\/\/divisibles.com\/ca\/qui-som\/","name":"Qui som - diVisibles","isPartOf":{"@id":"https:\/\/divisibles.com\/ca\/#website"},"primaryImageOfPage":{"@id":"https:\/\/divisibles.com\/ca\/qui-som\/#primaryimage"},"image":{"@id":"https:\/\/divisibles.com\/ca\/qui-som\/#primaryimage"},"thumbnailUrl":"https:\/\/divisibles.com\/ca\/wp-content\/uploads\/sites\/2\/2016\/03\/DSF4326.jpg","datePublished":"2015-09-29T20:46:07+00:00","dateModified":"2020-11-04T18:33:51+00:00","breadcrumb":{"@id":"https:\/\/divisibles.com\/ca\/qui-som\/#breadcrumb"},"inLanguage":"ca","potentialAction":[{"@type":"ReadAction","target":["https:\/\/divisibles.com\/ca\/qui-som\/"]}]},{"@type":"ImageObject","inLanguage":"ca","@id":"https:\/\/divisibles.com\/ca\/qui-som\/#primaryimage","url":"https:\/\/divisibles.com\/ca\/wp-content\/uploads\/sites\/2\/2016\/03\/DSF4326.jpg","contentUrl":"https:\/\/divisibles.com\/ca\/wp-content\/uploads\/sites\/2\/2016\/03\/DSF4326.jpg","width":1170,"height":400},{"@type":"BreadcrumbList","@id":"https:\/\/divisibles.com\/ca\/qui-som\/#breadcrumb","itemListElement":[{"@type":"ListItem","position":1,"name":"Inici","item":"https:\/\/divisibles.com\/ca\/"},{"@type":"ListItem","position":2,"name":"Qui som"}]},{"@type":"WebSite","@id":"https:\/\/divisibles.com\/ca\/#website","url":"https:\/\/divisibles.com\/ca\/","name":"diVisibles","description":"imatge + comunicaci\u00f3","publisher":{"@id":"https:\/\/divisibles.com\/ca\/#organization"},"potentialAction":[{"@type":"SearchAction","target":{"@type":"EntryPoint","urlTemplate":"https:\/\/divisibles.com\/ca\/?s={search_term_string}"},"query-input":{"@type":"PropertyValueSpecification","valueRequired":true,"valueName":"search_term_string"}}],"inLanguage":"ca"},{"@type":"Organization","@id":"https:\/\/divisibles.com\/ca\/#organization","name":"diVisibles","url":"https:\/\/divisibles.com\/ca\/","logo":{"@type":"ImageObject","inLanguage":"ca","@id":"https:\/\/divisibles.com\/ca\/#\/schema\/logo\/image\/","url":"https:\/\/divisibles.com\/ca\/wp-content\/uploads\/sites\/2\/2018\/06\/logo_tagline_250x67_cat.png","contentUrl":"https:\/\/divisibles.com\/ca\/wp-content\/uploads\/sites\/2\/2018\/06\/logo_tagline_250x67_cat.png","width":250,"height":67,"caption":"diVisibles"},"image":{"@id":"https:\/\/divisibles.com\/ca\/#\/schema\/logo\/image\/"}}]}},"jetpack_sharing_enabled":true,"jetpack_shortlink":"https:\/\/wp.me\/PcUwMi-8fd","_links":{"self":[{"href":"https:\/\/divisibles.com\/ca\/wp-json\/wp\/v2\/pages\/31695","targetHints":{"allow":["GET"]}}],"collection":[{"href":"https:\/\/divisibles.com\/ca\/wp-json\/wp\/v2\/pages"}],"about":[{"href":"https:\/\/divisibles.com\/ca\/wp-json\/wp\/v2\/types\/page"}],"author":[{"embeddable":true,"href":"https:\/\/divisibles.com\/ca\/wp-json\/wp\/v2\/users\/1"}],"replies":[{"embeddable":true,"href":"https:\/\/divisibles.com\/ca\/wp-json\/wp\/v2\/comments?post=31695"}],"version-history":[{"count":9,"href":"https:\/\/divisibles.com\/ca\/wp-json\/wp\/v2\/pages\/31695\/revisions"}],"predecessor-version":[{"id":31754,"href":"https:\/\/divisibles.com\/ca\/wp-json\/wp\/v2\/pages\/31695\/revisions\/31754"}],"wp:featuredmedia":[{"embeddable":true,"href":"https:\/\/divisibles.com\/ca\/wp-json\/wp\/v2\/media\/30595"}],"wp:attachment":[{"href":"https:\/\/divisibles.com\/ca\/wp-json\/wp\/v2\/media?parent=31695"}],"curies":[{"name":"wp","href":"https:\/\/api.w.org\/{rel}","templated":true}]}}