{"id":31260,"date":"2018-01-05T15:22:56","date_gmt":"2018-01-05T15:22:56","guid":{"rendered":"http:\/\/divisibles.com\/?page_id=31260"},"modified":"2020-11-10T13:02:13","modified_gmt":"2020-11-10T13:02:13","slug":"guillermo-perez","status":"publish","type":"page","link":"https:\/\/divisibles.com\/en\/guillermo-perez\/","title":{"rendered":"Guillermo P\u00e9rez"},"content":{"rendered":"<figure id=\"attachment_30870\" aria-describedby=\"caption-attachment-30870\" style=\"width: 300px\" class=\"wp-caption alignright\"><img loading=\"lazy\" decoding=\"async\" class=\"wp-image-30870 size-medium\" title=\"Guillermo P\u00e9rez\" src=\"http:\/\/divisibles.com\/en\/wp-content\/uploads\/sites\/3\/2017\/01\/Guillermo-Perez-5138b-300x300.jpg\" alt=\"Guillermo P\u00e9rez\" width=\"300\" height=\"300\" srcset=\"https:\/\/divisibles.com\/en\/wp-content\/uploads\/sites\/3\/2017\/01\/Guillermo-Perez-5138b-300x300.jpg 300w, https:\/\/divisibles.com\/en\/wp-content\/uploads\/sites\/3\/2017\/01\/Guillermo-Perez-5138b-150x150.jpg 150w, https:\/\/divisibles.com\/en\/wp-content\/uploads\/sites\/3\/2017\/01\/Guillermo-Perez-5138b-768x768.jpg 768w, https:\/\/divisibles.com\/en\/wp-content\/uploads\/sites\/3\/2017\/01\/Guillermo-Perez-5138b.jpg 800w\" sizes=\"auto, (max-width: 300px) 100vw, 300px\" \/><figcaption id=\"caption-attachment-30870\" class=\"wp-caption-text\">Co-founder diVisibles, photography, video, graphic, editorial and web design. Coordination, production and content management.<\/figcaption><\/figure>\n<h2>Summary of works<\/h2>\n<h3>Photography in print media<\/h3>\n<p><strong>Canal Contract<\/strong> (Edhipress Medios),\u00a0<strong>Barcelona Deluxe \/ Madrid Deluxe<\/strong> (Vip Media Press),\u00a0<strong>Vertical Report<\/strong> (Libertecnic Media),\u00a0<strong>MAB Hostelero<\/strong> (Ediciones Pelda\u00f1o),\u00a0<strong>Horeco<\/strong> (Reed Business Information),\u00a0<strong>Instalaciones Deportivas XXI<\/strong> (Reed Business Information), <strong>Medicampus<\/strong> (Medigrup),\u00a0<strong>Cicles Formatius<\/strong> (Medigrup),\u00a0<strong>La Radio Escrita \u00b7 Revista RTT<\/strong> (Medigrup),\u00a0<strong>Extra Florista<\/strong> (Verdiland Ediciones), <strong>Plantflor<\/strong>\u00a0(Verdiland Ediciones),\u00a0<strong>Ox\u00edgeno<\/strong> (Below the Street),\u00a0<strong>Gente en Barcelona<\/strong> (Grupo de Comunicaci\u00f3n Gente),\u00a0<strong>Aqu\u00ed M\u00e1s<\/strong> (RX Digital Media),\u00a0<strong>M\u00e1s que Dise\u00f1o<\/strong> (Comunicaci\u00f3n InterEmpresarial),\u00a0<strong>M\u00e1s que Bytes<\/strong> (Comunicaci\u00f3n InterEmpresarial),\u00a0<strong>Series of magazine covers<\/strong>\u00a0(Comunicaci\u00f3n InterEmpresarial),\u00a0<strong>The Culture of Biodiversity <\/strong>(Edward Bent),\u00a0<strong>Mus\u00e9e de la romanit\u00e9<\/strong> (N\u00eemes).<\/p>\n<h3>Advertising creativity, graphic design, layout<\/h3>\n<p><strong>Nubeo Relojes<\/strong>,\u00a0<strong>Pepe Botella Novias<\/strong>,\u00a0<strong>Espai Barroc<\/strong>,\u00a0<strong>Comunicaci\u00f3n InterEmpresarial,\u00a0Estaci\u00f3n de Esqu\u00ed Vall de N\u00faria <\/strong>(Ferrocarrils de la Generalitat de Catalunya),\u00a0<strong>CorEmpresa<\/strong> (Netchallenge Consulting),\u00a0<strong>Gesti\u00f3n Documental<\/strong> (Docuimag),\u00a0<strong>Lederpiel \/\/ Bazar &amp; Distribuci\u00f3n<\/strong> (Mundipress),\u00a0<strong>Art direction and layout, &#8216;M\u00e1s que&#8230;&#8217;<\/strong> <strong>professional magazines <\/strong>(Comunicaci\u00f3n InterEmpresarial), <strong>Tomas Colomer Joiers<\/strong>,<strong> Verdinia<\/strong>,\u00a0<strong>Digger Tools.<\/strong><\/p>\n<h3>Photography in online media, corporate<\/h3>\n<p><strong>behealthy.es<\/strong>, <strong>eae.es<\/strong>, <strong>ostelea.com<\/strong>, <strong>canalcontract.com<\/strong>,\u00a0<strong>reporterasfashion.com<\/strong>, <strong>adecorar.com<\/strong>, <strong>cocinayhogar.com<\/strong>, <strong>estiloyhogar.com<\/strong>, <strong>dondeviajar.es<\/strong>, <strong>lanetro.com<\/strong>, <strong>soitu.es<\/strong>, <strong>cluboxigeno.com<\/strong>, <strong>absolutbcn.com<\/strong>, <strong>Finques Bondia<\/strong>, <strong>Willy M\u00fcller Architects<\/strong>, <strong>Cespa<\/strong> (Grupo Ferrovial), <strong>Tinkle<\/strong>, <strong>Verdinia<\/strong>, <strong>Digger Tools<\/strong>,\u00a0<strong>Family Business Solutions.<\/strong><\/p>\n<h3>Stock photography<\/h3>\n<p>Gallery at <a href=\"https:\/\/www.gettyimages.es\/search\/photographer?family=creative&amp;photographer=guillermo%20p%C3%A9rez%20%2F%20eyeem&amp;sort=best#\" target=\"_blank\" rel=\"noopener noreferrer\"><img loading=\"lazy\" decoding=\"async\" class=\"alignnone\" title=\"Galer\u00eda en Getty Images\" src=\"http:\/\/divisibles.com\/en\/wp-content\/uploads\/sites\/3\/2019\/01\/logo_gettyimages.png\" alt=\"Galer\u00eda en Getty Images\" width=\"112\" height=\"20\" \/><\/a><br \/>\nGallery <a href=\"https:\/\/www.eyeem.com\/u\/breezerburn\/market\" target=\"_blank\" rel=\"noopener noreferrer\"><img loading=\"lazy\" decoding=\"async\" class=\"alignnone\" title=\"Galer\u00eda en EyeEm\" src=\"http:\/\/divisibles.com\/en\/wp-content\/uploads\/sites\/3\/2019\/01\/logo_eyeem.png\" alt=\"Galer\u00eda en EyeEm\" width=\"60\" height=\"20\" \/><\/a><\/p>\n<h3>Exhibitions:<\/h3>\n<p><em>Visions<\/em>, October 18 &#8211; November 7, 2014 at Galer\u00eda Moraima<br \/>\n<em>Words of Light<\/em>, April 8 &#8211; May 5, 2010 at Somnis Cocktail Lounge<\/p>\n<h3>Personal projects:<\/h3>\n<p><a href=\"http:\/\/wordsoflight.divisibles.com\/\" target=\"_blank\" rel=\"noopener noreferrer\"><img loading=\"lazy\" decoding=\"async\" class=\"alignnone\" title=\"Words of Light, a blog on imagery\" src=\"http:\/\/divisibles.com\/en\/wp-content\/uploads\/sites\/3\/2019\/01\/logo_wordsoflight.jpg\" alt=\"Words of Light, a blog on imagery\" width=\"267\" height=\"60\" \/><\/a><\/p>\n<h3>Contact:<\/h3>\n<p><a href=\"tel:+34622058065\" target=\"_blank\" rel=\"noopener noreferrer\">+34 622 05 80 65<\/a><br \/>\n<a href=\"mailto:gperez@divisibles.com\" target=\"_blank\" rel=\"noopener noreferrer\">gperez@divisibles.com<\/a><\/p>\n","protected":false},"excerpt":{"rendered":"<p>Summary of works Photography in print media Canal Contract (Edhipress Medios),\u00a0Barcelona Deluxe \/ Madrid Deluxe (Vip Media Press),\u00a0Vertical Report (Libertecnic [&hellip;]<\/p>\n","protected":false},"author":1,"featured_media":0,"parent":0,"menu_order":0,"comment_status":"closed","ping_status":"closed","template":"","meta":{"rop_custom_images_group":[],"rop_custom_messages_group":[],"rop_publish_now":"initial","rop_publish_now_accounts":[],"rop_publish_now_history":[],"rop_publish_now_status":"pending","jetpack_post_was_ever_published":false,"footnotes":""},"class_list":["post-31260","page","type-page","status-publish","hentry"],"yoast_head":"<!-- This site is optimized with the Yoast SEO plugin v27.3 - https:\/\/yoast.com\/product\/yoast-seo-wordpress\/ -->\n<title>Guillermo P\u00e9rez - diVisibles<\/title>\n<meta name=\"robots\" content=\"index, follow, max-snippet:-1, max-image-preview:large, max-video-preview:-1\" \/>\n<link rel=\"canonical\" href=\"https:\/\/divisibles.com\/en\/guillermo-perez\/\" \/>\n<meta property=\"og:locale\" content=\"en_GB\" \/>\n<meta property=\"og:type\" content=\"article\" \/>\n<meta property=\"og:title\" content=\"Guillermo P\u00e9rez - diVisibles\" \/>\n<meta property=\"og:description\" content=\"Summary of works Photography in print media Canal Contract (Edhipress Medios),\u00a0Barcelona Deluxe \/ Madrid Deluxe (Vip Media Press),\u00a0Vertical Report (Libertecnic [&hellip;]\" \/>\n<meta property=\"og:url\" content=\"https:\/\/divisibles.com\/en\/guillermo-perez\/\" \/>\n<meta property=\"og:site_name\" content=\"diVisibles\" \/>\n<meta property=\"article:modified_time\" content=\"2020-11-10T13:02:13+00:00\" \/>\n<meta property=\"og:image\" content=\"http:\/\/divisibles.com\/en\/wp-content\/uploads\/sites\/3\/2017\/01\/Guillermo-Perez-5138b-300x300.jpg\" \/>\n<meta name=\"twitter:card\" content=\"summary_large_image\" \/>\n<meta name=\"twitter:label1\" content=\"Estimated reading time\" \/>\n\t<meta name=\"twitter:data1\" content=\"1 minute\" \/>\n<script type=\"application\/ld+json\" class=\"yoast-schema-graph\">{\"@context\":\"https:\\\/\\\/schema.org\",\"@graph\":[{\"@type\":\"WebPage\",\"@id\":\"https:\\\/\\\/divisibles.com\\\/en\\\/guillermo-perez\\\/\",\"url\":\"https:\\\/\\\/divisibles.com\\\/en\\\/guillermo-perez\\\/\",\"name\":\"Guillermo P\u00e9rez - diVisibles\",\"isPartOf\":{\"@id\":\"https:\\\/\\\/divisibles.com\\\/en\\\/#website\"},\"primaryImageOfPage\":{\"@id\":\"https:\\\/\\\/divisibles.com\\\/en\\\/guillermo-perez\\\/#primaryimage\"},\"image\":{\"@id\":\"https:\\\/\\\/divisibles.com\\\/en\\\/guillermo-perez\\\/#primaryimage\"},\"thumbnailUrl\":\"http:\\\/\\\/divisibles.com\\\/en\\\/wp-content\\\/uploads\\\/sites\\\/3\\\/2017\\\/01\\\/Guillermo-Perez-5138b-300x300.jpg\",\"datePublished\":\"2018-01-05T15:22:56+00:00\",\"dateModified\":\"2020-11-10T13:02:13+00:00\",\"breadcrumb\":{\"@id\":\"https:\\\/\\\/divisibles.com\\\/en\\\/guillermo-perez\\\/#breadcrumb\"},\"inLanguage\":\"en-GB\",\"potentialAction\":[{\"@type\":\"ReadAction\",\"target\":[\"https:\\\/\\\/divisibles.com\\\/en\\\/guillermo-perez\\\/\"]}]},{\"@type\":\"ImageObject\",\"inLanguage\":\"en-GB\",\"@id\":\"https:\\\/\\\/divisibles.com\\\/en\\\/guillermo-perez\\\/#primaryimage\",\"url\":\"https:\\\/\\\/divisibles.com\\\/en\\\/wp-content\\\/uploads\\\/sites\\\/3\\\/2017\\\/01\\\/Guillermo-Perez-5138b.jpg\",\"contentUrl\":\"https:\\\/\\\/divisibles.com\\\/en\\\/wp-content\\\/uploads\\\/sites\\\/3\\\/2017\\\/01\\\/Guillermo-Perez-5138b.jpg\",\"width\":800,\"height\":800,\"caption\":\"Guillermo P\u00e9rez\"},{\"@type\":\"BreadcrumbList\",\"@id\":\"https:\\\/\\\/divisibles.com\\\/en\\\/guillermo-perez\\\/#breadcrumb\",\"itemListElement\":[{\"@type\":\"ListItem\",\"position\":1,\"name\":\"Inici\",\"item\":\"https:\\\/\\\/divisibles.com\\\/en\\\/\"},{\"@type\":\"ListItem\",\"position\":2,\"name\":\"Guillermo P\u00e9rez\"}]},{\"@type\":\"WebSite\",\"@id\":\"https:\\\/\\\/divisibles.com\\\/en\\\/#website\",\"url\":\"https:\\\/\\\/divisibles.com\\\/en\\\/\",\"name\":\"diVisibles\",\"description\":\"image + communication\",\"publisher\":{\"@id\":\"https:\\\/\\\/divisibles.com\\\/en\\\/#organization\"},\"potentialAction\":[{\"@type\":\"SearchAction\",\"target\":{\"@type\":\"EntryPoint\",\"urlTemplate\":\"https:\\\/\\\/divisibles.com\\\/en\\\/?s={search_term_string}\"},\"query-input\":{\"@type\":\"PropertyValueSpecification\",\"valueRequired\":true,\"valueName\":\"search_term_string\"}}],\"inLanguage\":\"en-GB\"},{\"@type\":\"Organization\",\"@id\":\"https:\\\/\\\/divisibles.com\\\/en\\\/#organization\",\"name\":\"diVisibles\",\"url\":\"https:\\\/\\\/divisibles.com\\\/en\\\/\",\"logo\":{\"@type\":\"ImageObject\",\"inLanguage\":\"en-GB\",\"@id\":\"https:\\\/\\\/divisibles.com\\\/en\\\/#\\\/schema\\\/logo\\\/image\\\/\",\"url\":\"https:\\\/\\\/divisibles.com\\\/en\\\/wp-content\\\/uploads\\\/sites\\\/3\\\/2024\\\/04\\\/logo_tagline_250x67_en.png\",\"contentUrl\":\"https:\\\/\\\/divisibles.com\\\/en\\\/wp-content\\\/uploads\\\/sites\\\/3\\\/2024\\\/04\\\/logo_tagline_250x67_en.png\",\"width\":257,\"height\":69,\"caption\":\"diVisibles\"},\"image\":{\"@id\":\"https:\\\/\\\/divisibles.com\\\/en\\\/#\\\/schema\\\/logo\\\/image\\\/\"}}]}<\/script>\n<!-- \/ Yoast SEO plugin. -->","yoast_head_json":{"title":"Guillermo P\u00e9rez - diVisibles","robots":{"index":"index","follow":"follow","max-snippet":"max-snippet:-1","max-image-preview":"max-image-preview:large","max-video-preview":"max-video-preview:-1"},"canonical":"https:\/\/divisibles.com\/en\/guillermo-perez\/","og_locale":"en_GB","og_type":"article","og_title":"Guillermo P\u00e9rez - diVisibles","og_description":"Summary of works Photography in print media Canal Contract (Edhipress Medios),\u00a0Barcelona Deluxe \/ Madrid Deluxe (Vip Media Press),\u00a0Vertical Report (Libertecnic [&hellip;]","og_url":"https:\/\/divisibles.com\/en\/guillermo-perez\/","og_site_name":"diVisibles","article_modified_time":"2020-11-10T13:02:13+00:00","og_image":[{"url":"http:\/\/divisibles.com\/en\/wp-content\/uploads\/sites\/3\/2017\/01\/Guillermo-Perez-5138b-300x300.jpg","type":"","width":"","height":""}],"twitter_card":"summary_large_image","twitter_misc":{"Estimated reading time":"1 minute"},"schema":{"@context":"https:\/\/schema.org","@graph":[{"@type":"WebPage","@id":"https:\/\/divisibles.com\/en\/guillermo-perez\/","url":"https:\/\/divisibles.com\/en\/guillermo-perez\/","name":"Guillermo P\u00e9rez - diVisibles","isPartOf":{"@id":"https:\/\/divisibles.com\/en\/#website"},"primaryImageOfPage":{"@id":"https:\/\/divisibles.com\/en\/guillermo-perez\/#primaryimage"},"image":{"@id":"https:\/\/divisibles.com\/en\/guillermo-perez\/#primaryimage"},"thumbnailUrl":"http:\/\/divisibles.com\/en\/wp-content\/uploads\/sites\/3\/2017\/01\/Guillermo-Perez-5138b-300x300.jpg","datePublished":"2018-01-05T15:22:56+00:00","dateModified":"2020-11-10T13:02:13+00:00","breadcrumb":{"@id":"https:\/\/divisibles.com\/en\/guillermo-perez\/#breadcrumb"},"inLanguage":"en-GB","potentialAction":[{"@type":"ReadAction","target":["https:\/\/divisibles.com\/en\/guillermo-perez\/"]}]},{"@type":"ImageObject","inLanguage":"en-GB","@id":"https:\/\/divisibles.com\/en\/guillermo-perez\/#primaryimage","url":"https:\/\/divisibles.com\/en\/wp-content\/uploads\/sites\/3\/2017\/01\/Guillermo-Perez-5138b.jpg","contentUrl":"https:\/\/divisibles.com\/en\/wp-content\/uploads\/sites\/3\/2017\/01\/Guillermo-Perez-5138b.jpg","width":800,"height":800,"caption":"Guillermo P\u00e9rez"},{"@type":"BreadcrumbList","@id":"https:\/\/divisibles.com\/en\/guillermo-perez\/#breadcrumb","itemListElement":[{"@type":"ListItem","position":1,"name":"Inici","item":"https:\/\/divisibles.com\/en\/"},{"@type":"ListItem","position":2,"name":"Guillermo P\u00e9rez"}]},{"@type":"WebSite","@id":"https:\/\/divisibles.com\/en\/#website","url":"https:\/\/divisibles.com\/en\/","name":"diVisibles","description":"image + communication","publisher":{"@id":"https:\/\/divisibles.com\/en\/#organization"},"potentialAction":[{"@type":"SearchAction","target":{"@type":"EntryPoint","urlTemplate":"https:\/\/divisibles.com\/en\/?s={search_term_string}"},"query-input":{"@type":"PropertyValueSpecification","valueRequired":true,"valueName":"search_term_string"}}],"inLanguage":"en-GB"},{"@type":"Organization","@id":"https:\/\/divisibles.com\/en\/#organization","name":"diVisibles","url":"https:\/\/divisibles.com\/en\/","logo":{"@type":"ImageObject","inLanguage":"en-GB","@id":"https:\/\/divisibles.com\/en\/#\/schema\/logo\/image\/","url":"https:\/\/divisibles.com\/en\/wp-content\/uploads\/sites\/3\/2024\/04\/logo_tagline_250x67_en.png","contentUrl":"https:\/\/divisibles.com\/en\/wp-content\/uploads\/sites\/3\/2024\/04\/logo_tagline_250x67_en.png","width":257,"height":69,"caption":"diVisibles"},"image":{"@id":"https:\/\/divisibles.com\/en\/#\/schema\/logo\/image\/"}}]}},"jetpack_sharing_enabled":true,"jetpack_shortlink":"https:\/\/wp.me\/P6Nwkw-88c","_links":{"self":[{"href":"https:\/\/divisibles.com\/en\/wp-json\/wp\/v2\/pages\/31260","targetHints":{"allow":["GET"]}}],"collection":[{"href":"https:\/\/divisibles.com\/en\/wp-json\/wp\/v2\/pages"}],"about":[{"href":"https:\/\/divisibles.com\/en\/wp-json\/wp\/v2\/types\/page"}],"author":[{"embeddable":true,"href":"https:\/\/divisibles.com\/en\/wp-json\/wp\/v2\/users\/1"}],"replies":[{"embeddable":true,"href":"https:\/\/divisibles.com\/en\/wp-json\/wp\/v2\/comments?post=31260"}],"version-history":[{"count":3,"href":"https:\/\/divisibles.com\/en\/wp-json\/wp\/v2\/pages\/31260\/revisions"}],"predecessor-version":[{"id":31788,"href":"https:\/\/divisibles.com\/en\/wp-json\/wp\/v2\/pages\/31260\/revisions\/31788"}],"wp:attachment":[{"href":"https:\/\/divisibles.com\/en\/wp-json\/wp\/v2\/media?parent=31260"}],"curies":[{"name":"wp","href":"https:\/\/api.w.org\/{rel}","templated":true}]}}